{"id":336,"date":"2022-05-06T09:18:07","date_gmt":"2022-05-06T09:18:07","guid":{"rendered":"http:\/\/www.piwznin.pl\/?page_id=336"},"modified":"2024-10-14T10:41:17","modified_gmt":"2024-10-14T10:41:17","slug":"szkolenia","status":"publish","type":"page","link":"http:\/\/www.piwznin.pl\/?page_id=336","title":{"rendered":"Szkolenia"},"content":{"rendered":"<div class=\"entry\">\n\n<h1><strong>Minikowo Szkolenie<\/strong><\/h1>\n<p><a href=\"http:\/\/www.piwznin.pl\/wp-content\/uploads\/2024\/10\/Szkolenie-Minikowo-28-10-2024.pdf\" target=\"_blank\" rel=\"noopener\">Szkolenie w dniu 28.11.2024 &#8211; pozyskanie mi\u0119sa na u\u017cytek w\u0142asny.<\/a><\/p>\n<p><a href=\"http:\/\/www.piwznin.pl\/?page_id=712\">Rolniczy Handel Detaliczny &#8211; aktualny stan prawny\u00a0<\/a>\u00a0 28.05.2024<\/p>\n<p>\u00a0<\/p>\n\n\n<div class=\"wp-block-file\"><a id=\"wp-block-file--media-0780197e-ffaa-4e50-80c1-eebbffe0e59f\" href=\"http:\/\/www.piwznin.pl\/wp-content\/uploads\/2022\/05\/Minikowo-szkolenie-uboj.doc\">Minikowo szkolenie ub\u00f3j<\/a><a href=\"http:\/\/www.piwznin.pl\/wp-content\/uploads\/2022\/05\/Minikowo-szkolenie-uboj.doc\" class=\"wp-block-file__button wp-element-button\" download aria-describedby=\"wp-block-file--media-0780197e-ffaa-4e50-80c1-eebbffe0e59f\">Pobierz<\/a><\/div>\n\n\n<\/div>","protected":false},"excerpt":{"rendered":"<p>Minikowo Szkolenie Szkolenie w dniu 28.11.2024 &#8211; pozyskanie mi\u0119sa na u\u017cytek w\u0142asny. Rolniczy Handel Detaliczny &#8211; aktualny stan prawny\u00a0\u00a0 28.05.2024 \u00a0<\/p>\n","protected":false},"author":1,"featured_media":0,"parent":0,"menu_order":0,"comment_status":"closed","ping_status":"closed","template":"","meta":{"_mi_skip_tracking":false},"aioseo_notices":[],"_links":{"self":[{"href":"http:\/\/www.piwznin.pl\/index.php?rest_route=\/wp\/v2\/pages\/336"}],"collection":[{"href":"http:\/\/www.piwznin.pl\/index.php?rest_route=\/wp\/v2\/pages"}],"about":[{"href":"http:\/\/www.piwznin.pl\/index.php?rest_route=\/wp\/v2\/types\/page"}],"author":[{"embeddable":true,"href":"http:\/\/www.piwznin.pl\/index.php?rest_route=\/wp\/v2\/users\/1"}],"replies":[{"embeddable":true,"href":"http:\/\/www.piwznin.pl\/index.php?rest_route=%2Fwp%2Fv2%2Fcomments&post=336"}],"version-history":[{"count":8,"href":"http:\/\/www.piwznin.pl\/index.php?rest_route=\/wp\/v2\/pages\/336\/revisions"}],"predecessor-version":[{"id":743,"href":"http:\/\/www.piwznin.pl\/index.php?rest_route=\/wp\/v2\/pages\/336\/revisions\/743"}],"wp:attachment":[{"href":"http:\/\/www.piwznin.pl\/index.php?rest_route=%2Fwp%2Fv2%2Fmedia&parent=336"}],"curies":[{"name":"wp","href":"https:\/\/api.w.org\/{rel}","templated":true}]}}