{"id":36,"date":"2018-12-03T13:00:23","date_gmt":"2018-12-03T13:00:23","guid":{"rendered":"http:\/\/www.piwznin.pl\/?page_id=36"},"modified":"2024-09-06T06:39:36","modified_gmt":"2024-09-06T06:39:36","slug":"afrykanski-pomor-swin","status":"publish","type":"page","link":"http:\/\/www.piwznin.pl\/?page_id=36","title":{"rendered":"Afryka\u0144ski Pom\u00f3r \u015awi\u0144"},"content":{"rendered":"<div class=\"entry\">\n<p style=\"text-align: center;\"><a href=\"http:\/\/www.piwznin.pl\/wp-content\/uploads\/2024\/09\/Zatrzymaj-ASF-broszura-informacyjna.pdf\" target=\"_blank\" rel=\"noopener\">Zatrzymaj ASF &#8211; Broszura informacyjna<\/a> &#8211;\u00a0 aktualizacja 6.09.2024<\/p>\n<p style=\"text-align: center;\"><a href=\"https:\/\/bip.wetgiw.gov.pl\/asf\/mapa\/\">Mapa wyst\u0119powania ognisk ASF &#8211;\u00a0<\/a>aktualizacja z dnia 22.07.2024<\/p>\n<p style=\"text-align: center;\"><span style=\"color: #0000ff;\"><strong>Wytyczne do sporz\u0105dzenia Planu bezpiecze\u0144stwa biologicznego dla gospodarstw utrzymuj\u0105cych \u015bwinie<\/strong><\/span><\/p>\n<p><span style=\"color: #0000ff;\"><strong><a style=\"color: #0000ff;\" href=\"http:\/\/www.piwznin.pl\/wp-content\/uploads\/2021\/10\/Informacja-Rozporz\u0105dzenie-Wykonawcze-Komisji-2021_605.docx\">* Informacja Rozporz\u0105dzenie Wykonawcze Komisji 2021_605<\/a> <\/strong><\/span><br \/>\n<span style=\"color: #0000ff;\"><strong><a style=\"color: #0000ff;\" href=\"http:\/\/www.piwznin.pl\/wp-content\/uploads\/2021\/10\/Plan-bezpiecze\u0144stwa-biologiczengo-gospodarstwa-POWY\u017bEJ-300-sztuk-\u015bredniorocznie.docx\">* Plan bezpiecze\u0144stwa biologiczengo -gospodarstwa-POWY\u017bEJ 300 sztuk-\u015bredniorocznie<\/a> <\/strong><\/span><br \/>\n<span style=\"color: #0000ff;\"><strong><a style=\"color: #0000ff;\" href=\"http:\/\/www.piwznin.pl\/wp-content\/uploads\/2021\/10\/Plan-bezpiecze\u0144stwa-biologicznego-gospodarstwa-DO-300-sztuk-\u015bredniorocznie.docx\">* Plan bezpiecze\u0144stwa-biologicznego-gospodarstwa-DO 300 sztuk-\u015bredniorocznie<\/a> <\/strong><\/span><br \/>\n<span style=\"color: #0000ff;\"><strong><a style=\"color: #0000ff;\" href=\"http:\/\/www.piwznin.pl\/wp-content\/uploads\/2021\/10\/Wytyczne-praktyczne-wdro\u017cenie-zasad-spe\u0142niania-wymaga\u0144-bioasekuracji.docx\">* Wytyczne-praktyczne-wdro\u017cenie-zasad-spe\u0142niania-wymaga\u0144-bioasekuracji<\/a><\/strong><\/span><\/p>\n<p style=\"text-align: center;\">\n<p><strong>Afryka\u0144ski pom\u00f3r \u015bwi\u0144<br \/>\nMateria\u0142y szkoleniowo &#8211; informacyjne dla hodowc\u00f3w, producent\u00f3w \u015bwi\u0144 i lekarzy weterynarii<\/strong><\/p>\n<p><strong><a href=\"http:\/\/www.piwznin.pl\/wp-content\/uploads\/2018\/12\/ASF-Materialy-szkoleniowe-dla-hodowcow.pdf\">* ASF Materialy szkoleniowe dla hodowcow PDF<\/a><br \/>\n<a href=\"http:\/\/www.piwznin.pl\/wp-content\/uploads\/2018\/12\/ASF-materialy-szkoleniowe-dla-hodowcow.doc\">* ASF materialy szkoleniowe dla hodowcow DOC<\/a><br \/>\n<a href=\"http:\/\/www.piwznin.pl\/wp-content\/uploads\/2018\/12\/ASF-materialy-szkoleniowe-dla-lek.-wet.pdf\">* ASF Materialy Szkoleniowe dla lek. wet PDF<\/a><br \/>\n<a href=\"http:\/\/www.piwznin.pl\/wp-content\/uploads\/2018\/12\/ASF-materialy-szkoleniowe-dla-lekarzy-wet.doc\">* ASF Materialy Szkoleniowe dla lek. wet DOC<\/a><br \/>\n<a href=\"http:\/\/www.piwznin.pl\/wp-content\/uploads\/2018\/12\/ASF-materialy-szkoleniowe-dla-mysliwych-i-lesnikow.pdf\">* ASF materialy szkoleniowe dla mysliwych i lesnikow<\/a><br \/>\n<a href=\"http:\/\/www.piwznin.pl\/wp-content\/uploads\/2018\/12\/ASF-materia\u0142y-szkoleniowo-informacyjne-dla-mysliwych-i-lesnikow.pdf\">* ASF Materia\u0142y Szkoleniowo-informacyjne dla mysliwych i lesnikow<\/a><br \/>\n<a href=\"http:\/\/www.piwznin.pl\/wp-content\/uploads\/2018\/12\/Rozporzadzenie-MRiRW-ASF.pdf\">* Rozporz\u0105dzenie MRiRW w sprawie \u015brodk\u00f3w podejmowanych w zwi\u0105zku z wyst\u0105pieniem ASF<\/a><br \/>\n<\/strong><\/p>\n<p style=\"text-align: center;\"><span style=\"color: #ff0000;\"><strong>Wytyczne dotycz\u0105ce praktycznego wdra\u017cania zasad spe\u0142niania wymaga\u0144 bioasekuracji w gospodarstwach utrzymuj\u0105cych \u015bwinie zgodnie z wymaganiami za\u0142\u0105cznika II RWK 2021\/605 z dnia 7 kwietnia 2021. ustanawiaj\u0105cego szczeg\u00f3lne \u015brodki zwalczania afryka\u0144skiego pomoru \u015bwi\u0144.<\/strong><\/span><\/p>\n<p><strong><a href=\"http:\/\/www.piwznin.pl\/wp-content\/uploads\/2021\/04\/20.04-Praktyczne-wdro\u017cenie-zasad-spe\u0142niania-wymaga\u0144-bioasekuracji-ost.docx\">* 20.04-Praktyczne wdro\u017cenie zasad spe\u0142niania wymaga\u0144 bioasekuracji ost<\/a><\/strong><\/p>\n<p><strong><span style=\"color: #0000ff;\"><a style=\"color: #0000ff;\" href=\"http:\/\/www.piwznin.pl\/wp-content\/uploads\/2021\/07\/Plan-Zabezpieczenia-Biologicznego-Siedziby-Stada.docx\">* Plan Zabezpieczenia Biologicznego Siedziby Stada<\/a><\/span><\/strong><\/p>\n<\/div>\n","protected":false},"excerpt":{"rendered":"<p>Zatrzymaj ASF &#8211; Broszura informacyjna &#8211;\u00a0 aktualizacja 6.09.2024 Mapa wyst\u0119powania ognisk ASF &#8211;\u00a0aktualizacja z dnia 22.07.2024 Wytyczne do sporz\u0105dzenia Planu bezpiecze\u0144stwa biologicznego dla gospodarstw utrzymuj\u0105cych \u015bwinie * Informacja Rozporz\u0105dzenie Wykonawcze Komisji 2021_605 * Plan bezpiecze\u0144stwa biologiczengo -gospodarstwa-POWY\u017bEJ 300 sztuk-\u015bredniorocznie * Plan bezpiecze\u0144stwa-biologicznego-gospodarstwa-DO 300 sztuk-\u015bredniorocznie * Wytyczne-praktyczne-wdro\u017cenie-zasad-spe\u0142niania-wymaga\u0144-bioasekuracji Afryka\u0144ski pom\u00f3r \u015bwi\u0144 Materia\u0142y szkoleniowo &#8211; informacyjne dla hodowc\u00f3w, &#8230;<\/p>\n","protected":false},"author":1,"featured_media":0,"parent":0,"menu_order":0,"comment_status":"closed","ping_status":"closed","template":"","meta":{"_mi_skip_tracking":false},"aioseo_notices":[],"_links":{"self":[{"href":"http:\/\/www.piwznin.pl\/index.php?rest_route=\/wp\/v2\/pages\/36"}],"collection":[{"href":"http:\/\/www.piwznin.pl\/index.php?rest_route=\/wp\/v2\/pages"}],"about":[{"href":"http:\/\/www.piwznin.pl\/index.php?rest_route=\/wp\/v2\/types\/page"}],"author":[{"embeddable":true,"href":"http:\/\/www.piwznin.pl\/index.php?rest_route=\/wp\/v2\/users\/1"}],"replies":[{"embeddable":true,"href":"http:\/\/www.piwznin.pl\/index.php?rest_route=%2Fwp%2Fv2%2Fcomments&post=36"}],"version-history":[{"count":9,"href":"http:\/\/www.piwznin.pl\/index.php?rest_route=\/wp\/v2\/pages\/36\/revisions"}],"predecessor-version":[{"id":732,"href":"http:\/\/www.piwznin.pl\/index.php?rest_route=\/wp\/v2\/pages\/36\/revisions\/732"}],"wp:attachment":[{"href":"http:\/\/www.piwznin.pl\/index.php?rest_route=%2Fwp%2Fv2%2Fmedia&parent=36"}],"curies":[{"name":"wp","href":"https:\/\/api.w.org\/{rel}","templated":true}]}}