{"id":444,"date":"2023-06-23T13:10:22","date_gmt":"2023-06-23T13:10:22","guid":{"rendered":"http:\/\/www.piwznin.pl\/?page_id=444"},"modified":"2023-06-23T13:10:22","modified_gmt":"2023-06-23T13:10:22","slug":"wzmozone-ryzyko-wystepowania-ognisk-asf","status":"publish","type":"page","link":"http:\/\/www.piwznin.pl\/?page_id=444","title":{"rendered":"Wzmo\u017cone ryzyko wyst\u0119powania ognisk ASF"},"content":{"rendered":"<div class=\"entry\">\n\n\n<p><\/p>\n\n\n\n<p><strong>Afryka\u0144ski pom\u00f3r \u015bwi\u0144<br>Materia\u0142y szkoleniowo \u2013 informacyjne dla hodowc\u00f3w, producent\u00f3w \u015bwi\u0144 i lekarzy weterynarii<\/strong><\/p>\n\n\n\n<ul>\n<li><a href=\"http:\/\/www.piwznin.pl\/wp-content\/uploads\/2023\/06\/Informacje-ogolne-ASF.pdf\" title=\"\">Informacje og\u00f3lne<\/a><\/li>\n\n\n\n<li><a href=\"http:\/\/www.piwznin.pl\/wp-content\/uploads\/2023\/06\/Wytyczne-dla-mysliwych-ASF.pdf\" title=\"\">Wytyczne dla my\u015bliwych ASF<\/a><\/li>\n\n\n\n<li><a href=\"http:\/\/www.piwznin.pl\/wp-content\/uploads\/2023\/06\/Zapobiegaj-ASF.pdf\" title=\"\">Zapobiegaj ASF<\/a><\/li>\n\n\n\n<li><a href=\"http:\/\/www.piwznin.pl\/wp-content\/uploads\/2023\/06\/Wykrywaj-ASF.pdf\" title=\"\">Wykrywaj ASF<\/a><\/li>\n\n\n\n<li><a href=\"http:\/\/www.piwznin.pl\/wp-content\/uploads\/2023\/06\/Zapobiegaj-Wykrywaj-Zglaszaj-ASF.pdf\" title=\"\">Zapobiegaj, Wykrywaj, Zg\u0142aszaj ASF<\/a><\/li>\n\n\n\n<li><a href=\"http:\/\/www.piwznin.pl\/wp-content\/uploads\/2023\/06\/UWAGA-ASF.pdf\" title=\"\">Uwaga ASF<\/a><\/li>\n<\/ul>\n\n\n<\/div>","protected":false},"excerpt":{"rendered":"<p>Afryka\u0144ski pom\u00f3r \u015bwi\u0144Materia\u0142y szkoleniowo \u2013 informacyjne dla hodowc\u00f3w, producent\u00f3w \u015bwi\u0144 i lekarzy weterynarii<\/p>\n","protected":false},"author":1,"featured_media":0,"parent":0,"menu_order":0,"comment_status":"closed","ping_status":"closed","template":"","meta":{"_mi_skip_tracking":false},"aioseo_notices":[],"_links":{"self":[{"href":"http:\/\/www.piwznin.pl\/index.php?rest_route=\/wp\/v2\/pages\/444"}],"collection":[{"href":"http:\/\/www.piwznin.pl\/index.php?rest_route=\/wp\/v2\/pages"}],"about":[{"href":"http:\/\/www.piwznin.pl\/index.php?rest_route=\/wp\/v2\/types\/page"}],"author":[{"embeddable":true,"href":"http:\/\/www.piwznin.pl\/index.php?rest_route=\/wp\/v2\/users\/1"}],"replies":[{"embeddable":true,"href":"http:\/\/www.piwznin.pl\/index.php?rest_route=%2Fwp%2Fv2%2Fcomments&post=444"}],"version-history":[{"count":1,"href":"http:\/\/www.piwznin.pl\/index.php?rest_route=\/wp\/v2\/pages\/444\/revisions"}],"predecessor-version":[{"id":452,"href":"http:\/\/www.piwznin.pl\/index.php?rest_route=\/wp\/v2\/pages\/444\/revisions\/452"}],"wp:attachment":[{"href":"http:\/\/www.piwznin.pl\/index.php?rest_route=%2Fwp%2Fv2%2Fmedia&parent=444"}],"curies":[{"name":"wp","href":"https:\/\/api.w.org\/{rel}","templated":true}]}}