{"id":458,"date":"2023-08-01T09:38:16","date_gmt":"2023-08-01T09:38:16","guid":{"rendered":"http:\/\/www.piwznin.pl\/?page_id=458"},"modified":"2023-08-01T10:22:41","modified_gmt":"2023-08-01T10:22:41","slug":"problem-z-obgryzaniem-ogonow-u-swin","status":"publish","type":"page","link":"http:\/\/www.piwznin.pl\/?page_id=458","title":{"rendered":"Zachowanie dobrostanu \u015bwi\u0144"},"content":{"rendered":"<div class=\"entry\">\n\n\n<p>W zwi\u0105zku z wyst\u0119powaniem problemu obgryzania ogon\u00f3w u \u015bwi\u0144 i stosowaniem materia\u0142\u00f3w<br>wzbogacaj\u0105cych \u015brodowisko w chlewniach, Powiatowy Lekarz Weterynarii w \u017bninie zaleca<br>hodowcom trzody chlewnej zapoznanie si\u0119 z materia\u0142ami G\u0142\u00f3wnego Lekarza Weterynarii.<\/p>\n\n\n\n<p>Informacje dla hodowc\u00f3w \u015bwi\u0144 dotycz\u0105ce dobrostanu zwierz\u0105t:<br>  &#8211; wytyczne dotycz\u0105ce przeprowadzania analizy ryzyka dotycz\u0105cej zagro\u017cenia wyst\u0105pieniem<br>obgryzania ogona u \u015bwi\u0144:<br><a href=\" https:\/\/www.wetgiw.gov.pl\/download\/Ulotka-analiza-ryzyka-\nGIW2023,4927.pdf\"> https:\/\/www.wetgiw.gov.pl\/download\/Ulotka-analiza-ryzyka-<br>GIW2023,4927.pdf<\/a><\/p>\n\n\n\n<p>&#8211; wytyczne dotycz\u0105ce stosowania materia\u0142\u00f3w wzbogacaj\u0105cych \u015brodowisko dla \u015bwi\u0144:<br><a href=\"https:\/\/www.wetgiw.gov.pl\/download\/Ulotka-materialy-wzbogacajace,4928.pdf\">https:\/\/www.wetgiw.gov.pl\/download\/Ulotka-materialy-wzbogacajace,4928.pdf<\/a><\/p>\n\n\n\n<p><\/p>\n\n\n<\/div>","protected":false},"excerpt":{"rendered":"<p>W zwi\u0105zku z wyst\u0119powaniem problemu obgryzania ogon\u00f3w u \u015bwi\u0144 i stosowaniem materia\u0142\u00f3wwzbogacaj\u0105cych \u015brodowisko w chlewniach, Powiatowy Lekarz Weterynarii w \u017bninie zalecahodowcom trzody chlewnej zapoznanie si\u0119 z materia\u0142ami G\u0142\u00f3wnego Lekarza Weterynarii. Informacje dla hodowc\u00f3w \u015bwi\u0144 dotycz\u0105ce dobrostanu zwierz\u0105t: &#8211; wytyczne dotycz\u0105ce przeprowadzania analizy ryzyka dotycz\u0105cej zagro\u017cenia wyst\u0105pieniemobgryzania ogona u \u015bwi\u0144: https:\/\/www.wetgiw.gov.pl\/download\/Ulotka-analiza-ryzyka-GIW2023,4927.pdf &#8211; wytyczne dotycz\u0105ce stosowania materia\u0142\u00f3w &#8230;<\/p>\n","protected":false},"author":1,"featured_media":0,"parent":0,"menu_order":0,"comment_status":"closed","ping_status":"closed","template":"","meta":{"_mi_skip_tracking":false},"aioseo_notices":[],"_links":{"self":[{"href":"http:\/\/www.piwznin.pl\/index.php?rest_route=\/wp\/v2\/pages\/458"}],"collection":[{"href":"http:\/\/www.piwznin.pl\/index.php?rest_route=\/wp\/v2\/pages"}],"about":[{"href":"http:\/\/www.piwznin.pl\/index.php?rest_route=\/wp\/v2\/types\/page"}],"author":[{"embeddable":true,"href":"http:\/\/www.piwznin.pl\/index.php?rest_route=\/wp\/v2\/users\/1"}],"replies":[{"embeddable":true,"href":"http:\/\/www.piwznin.pl\/index.php?rest_route=%2Fwp%2Fv2%2Fcomments&post=458"}],"version-history":[{"count":2,"href":"http:\/\/www.piwznin.pl\/index.php?rest_route=\/wp\/v2\/pages\/458\/revisions"}],"predecessor-version":[{"id":463,"href":"http:\/\/www.piwznin.pl\/index.php?rest_route=\/wp\/v2\/pages\/458\/revisions\/463"}],"wp:attachment":[{"href":"http:\/\/www.piwznin.pl\/index.php?rest_route=%2Fwp%2Fv2%2Fmedia&parent=458"}],"curies":[{"name":"wp","href":"https:\/\/api.w.org\/{rel}","templated":true}]}}