{"id":465,"date":"2023-08-28T13:14:42","date_gmt":"2023-08-28T13:14:42","guid":{"rendered":"http:\/\/www.piwznin.pl\/?page_id=465"},"modified":"2023-08-28T13:18:13","modified_gmt":"2023-08-28T13:18:13","slug":"ogloszenie","status":"publish","type":"page","link":"http:\/\/www.piwznin.pl\/?page_id=465","title":{"rendered":"Og\u0142oszenie"},"content":{"rendered":"<div class=\"entry\">\n\n\n<p><\/p>\n\n\n\n<p>Powiatowy Lekarz Weterynarii w \u017bninie w zwi\u0105zku z art. 16 ust.1 pkt 1d Ustawy o<br>Inspekcji Weterynaryjnej z dnia 29 stycznia 2004r. ( Dz.U.2022.2629 t.j. z 15.12.2022r. )<\/p>\n\n\n\n<p>og\u0142asza dodatkowy nab\u00f3r kandydat\u00f3w<\/p>\n\n\n\n<p>do realizacji ni\u017cej wymienionych zada\u0144 w ramach umowy \u2013 zlecenia na 2023 rok<\/p>\n\n\n\n<p>Dodatkowy nab\u00f3r dotyczy: nadzoru nad ubojem zwierz\u0105t rze\u017anych i mi\u0119sa<br>Powiatowy Lekarz Weterynarii w \u017bninie og\u0142asza dodatkowy nab\u00f3r na stanowisko urz\u0119dowego<br>lekarza weterynarii sprawuj\u0105cego nadz\u00f3r nad ubojem zwierz\u0105t rze\u017anych, w tym badania przed i<br>poubojowego, oceny mi\u0119sa i nadzoru nad przestrzeganiem przepis\u00f3w o ochronie zwierz\u0105t w trakcie<br>uboju na zasadach umowy zlecenia oraz przeprowadzenie badania laboratoryjnego mi\u0119sa na obecno\u015b\u0107<br>w\u0142o\u015bni w TPDW ZHW w Bydgoszczy \u2013 pracownia TPDW nr 15 w \u017bninie ul. Nowa 4,88-400 \u017bnin<br>akredytowanej TPDW zgodnie z Rozporz\u0105dzeniem Wykonawczym Komisji (UE) nr 2015\/1375 z<br>dnia 10 sierpnia 2015r. Za\u0142\u0105cznik I, Rozdzia\u0142 I: Za\u0142\u0105cznik III<br>Adres urz\u0119du:<br>Powiatowy Inspektorat Weterynarii<br>ul. Nowa 4<br>88-400 \u017bnin<\/p>\n\n\n\n<p><br>Miejsce wykonywania pracy: Zak\u0142ad Mi\u0119sny Kwieci\u0144scy Sp. z o.o. ul. \u017bni\u0144ska 4, Bo\u017cejewiczki<br>88-400 \u017bnin<br>Warunki pracy: Rozpocz\u0119cie 07.08.2023r. ( Praca 1 dzie\u0144 w tygodniu: pi\u0105tek )<\/p>\n\n\n\n<p><br>Wymagania:<br>&#8211; wykszta\u0142cenie wy\u017csze weterynaryjne<br>&#8211; prawo wykonywania zawodu lekarza weterynarii<br>&#8211; po\u015bwiadczenie odbycia 3 \u2013 miesi\u0119cznej praktyki w zakresie nadzoru nad ubojem zwierz\u0105t<br>rze\u017anych i produkcj\u0105 \u015brodk\u00f3w spo\u017cywczych pochodzenia zwierz\u0119cego<br>&#8211; orzeczenie lekarskie dla cel\u00f3w sanitarno-epidemiologicznych potwierdzaj\u0105ce zdolno\u015b\u0107 do<br>podj\u0119cia pracy przy produkcji \u017cywno\u015bci<br> &#8211; za\u015bwiadczenia od lekarza medycyny pracy o braku przeciwwskaza\u0144 zdrowotnych do<br>wykonywania pracy na stanowisku urz\u0119dowego lekarza weterynarii przy badaniu zwierz\u0105t<br>rze\u017anych i mi\u0119sa, potwierdzone badaniem okulistycznym<br>&#8211; posiadanie pe\u0142nego tytu\u0142u ubezpieczenia spo\u0142ecznego<br>Wymagane dokumenty i o\u015bwiadczenia:<br>&#8211; kserokopia dyplomu<br>&#8211; kserokopia prawa wykonywania zawodu<br>&#8211; za\u015bwiadczenie o odbyciu 3 \u2013 miesi\u0119cznej praktyki w zakresie nadzoru nad ubojem zwierz\u0105t<br>rze\u017anych i produkcj\u0105 \u015brodk\u00f3w spo\u017cywczych pochodzenia zwierz\u0119cego lub kopie decyzji<br>wyznacze\u0144 nad ubojem zwierz\u0105t rze\u017anych, w tym badania przed i poubojowego, oceny mi\u0119sa<br>i nadzoru nad przestrzeganiem przepis\u00f3w o ochronie zwierz\u0105t w trakcie uboju na zasadach<br>umowy zlecenia.<br>&#8211; orzeczenie lekarskie dla cel\u00f3w sanitarno-epidemiologicznych potwierdzaj\u0105ce zdolno\u015b\u0107 do<br>podj\u0119cia pracy przy produkcji \u017cywno\u015bci<\/p>\n\n\n\n<p>&#8211; za\u015bwiadczenia od lekarza medycyny pracy o braku przeciwwskaza\u0144 zdrowotnych do<br>wykonywania pracy na stanowisku urz\u0119dowego lekarza weterynarii przy badaniu zwierz\u0105t<br>rze\u017anych i mi\u0119sa, potwierdzone badaniem okulistycznym<br>&#8211; o\u015bwiadczenie o posiadaniu pe\u0142nego tytu\u0142u ubezpieczenia spo\u0142ecznego<\/p>\n\n\n\n<p>Termin sk\u0142adania dokument\u00f3w: 28 lipca 2023r.<br>Miejsce sk\u0142adania dokument\u00f3w: Powiatowy Inspektorat Weterynarii<\/p>\n\n\n\n<p>ul. Nowa 4<br>88-400 \u017bnin<br>z dopiskiem &#8222;oferta pracy \u2013 nadz\u00f3r nad ubojem&#8221;<\/p>\n\n\n\n<p>Inne informacje:<br>Oferty otrzymane po up\u0142ywie terminu oraz oferty nie spe\u0142niaj\u0105ce wymog\u00f3w formalnych nie b\u0119d\u0105<br>rozpatrywane. Dokumenty o kt\u00f3rych mowa w niniejszym og\u0142oszeniu winny zawiera\u0107 dat\u0119 oraz<br>czytelny, w\u0142asnor\u0119czny podpis kandydata. Odrzucone oferty zostan\u0105 komisyjnie zniszczone.<br>Kandydaci zakwalifikowani do dalszego etapu rekrutacji zostan\u0105 powiadomieni o terminie rozmowy<br>wst\u0119pnej, w przypadku braku takiego powiadomienia nale\u017cy s\u0105dzi\u0107, i\u017c oferta zosta\u0142a odrzucona (bez<br>indywidualnego powiadomienia o tym fakcie).<\/p>\n\n\n\n<p>Dodatkowe informacje mo\u017cna uzyska\u0107 pod numerem PIW \u017bnin 52\/ 3032006<\/p>\n\n\n\n<p>Za\u0142\u0105czniki:<\/p>\n\n\n\n<ol>\n<li><a href=\"http:\/\/www.piwznin.pl\/wp-content\/uploads\/2023\/08\/OSWIADCZENIE-ZUS_zal.-nr-1.docx\" target=\"_blank\" rel=\"noopener\" title=\"\">O\u015bwiadczenie ZUS<\/a><\/li>\n\n\n\n<li>Zg\u0142oszenie wst\u0119pnej gotowo\u015bci do wykonywania czynno\u015bci<\/li>\n<\/ol>\n\n\n<\/div>","protected":false},"excerpt":{"rendered":"<p>Powiatowy Lekarz Weterynarii w \u017bninie w zwi\u0105zku z art. 16 ust.1 pkt 1d Ustawy oInspekcji Weterynaryjnej z dnia 29 stycznia 2004r. ( Dz.U.2022.2629 t.j. z 15.12.2022r. ) og\u0142asza dodatkowy nab\u00f3r kandydat\u00f3w do realizacji ni\u017cej wymienionych zada\u0144 w ramach umowy \u2013 zlecenia na 2023 rok Dodatkowy nab\u00f3r dotyczy: nadzoru nad ubojem zwierz\u0105t rze\u017anych i mi\u0119saPowiatowy Lekarz &#8230;<\/p>\n","protected":false},"author":1,"featured_media":0,"parent":0,"menu_order":0,"comment_status":"closed","ping_status":"closed","template":"","meta":{"_mi_skip_tracking":false},"aioseo_notices":[],"_links":{"self":[{"href":"http:\/\/www.piwznin.pl\/index.php?rest_route=\/wp\/v2\/pages\/465"}],"collection":[{"href":"http:\/\/www.piwznin.pl\/index.php?rest_route=\/wp\/v2\/pages"}],"about":[{"href":"http:\/\/www.piwznin.pl\/index.php?rest_route=\/wp\/v2\/types\/page"}],"author":[{"embeddable":true,"href":"http:\/\/www.piwznin.pl\/index.php?rest_route=\/wp\/v2\/users\/1"}],"replies":[{"embeddable":true,"href":"http:\/\/www.piwznin.pl\/index.php?rest_route=%2Fwp%2Fv2%2Fcomments&post=465"}],"version-history":[{"count":2,"href":"http:\/\/www.piwznin.pl\/index.php?rest_route=\/wp\/v2\/pages\/465\/revisions"}],"predecessor-version":[{"id":470,"href":"http:\/\/www.piwznin.pl\/index.php?rest_route=\/wp\/v2\/pages\/465\/revisions\/470"}],"wp:attachment":[{"href":"http:\/\/www.piwznin.pl\/index.php?rest_route=%2Fwp%2Fv2%2Fmedia&parent=465"}],"curies":[{"name":"wp","href":"https:\/\/api.w.org\/{rel}","templated":true}]}}