{"id":495,"date":"2023-09-05T12:32:15","date_gmt":"2023-09-05T12:32:15","guid":{"rendered":"http:\/\/www.piwznin.pl\/?page_id=495"},"modified":"2023-09-05T12:32:15","modified_gmt":"2023-09-05T12:32:15","slug":"rodo","status":"publish","type":"page","link":"http:\/\/www.piwznin.pl\/?page_id=495","title":{"rendered":"RODO"},"content":{"rendered":"<div class=\"entry\">\n\n\n<p><a><strong>Klauzula informacyjna dla <\/strong><\/a><strong>os\u00f3b fizycznych wpisywanych do rejestr\u00f3w, wykaz\u00f3w i list prowadzonych przez Inspekcj\u0119 Weterynaryjn\u0105<\/strong><\/p>\n\n\n\n<p>Na podstawie art. 13 ust. 1 i 2 rozporz\u0105dzenia Parlamentu Europejskiego<br>i Rady (UE) 2016\/679 z dnia 27 kwietnia 2016 r. w sprawie ochrony os\u00f3b fizycznych w zwi\u0105zku z przetwarzaniem danych osobowych i w sprawie swobodnego przep\u0142ywu takich danych oraz uchylenia dyrektywy 95\/46\/WE (og\u00f3lnego rozporz\u0105dzenia o ochronie danych), Dz.U.UE.L.2016.119.1 (dalej: RODO), uprzejmie<br>informujemy, \u017ce:<\/p>\n\n\n\n<p>1) wsp\u00f3\u0142administratorem danych osobowych:<\/p>\n\n\n\n<p>a) w ramach zada\u0144 realizowanych przez G\u0142\u00f3wnego Lekarza Weterynarii jest G\u0142\u00f3wny Lekarz Weterynarii (adres siedziby: ul. Wsp\u00f3lna 30, 00-930 Warszawa, kontakt: e-mail: wet@wetgiw.gov.pl, tel: (48) 22 623 17 17, 22 623 20 89),<\/p>\n\n\n\n<p>b) w ramach zada\u0144 realizowanych przez Wojew\u00f3dzkiego Lekarza Weterynarii w Bydgoszczy jest Wojew\u00f3dzki Lekarz Weterynarii w Bydgoszczy,<\/p>\n\n\n\n<p>2) w sprawach z zakresu ochrony danych osobowych przetwarzanych<br>mo\u017cliwy jest kontakt pod adresem mailowym lub telefonicznym:<\/p>\n\n\n\n<p>a) w G\u0142\u00f3wnym Inspektoracie Weterynarii: <a href=\"mailto:iod@wetgiw.gov.pl\">iod@wetgiw.gov.pl<\/a>.,<br>&nbsp;&nbsp;&nbsp;&nbsp;&nbsp;&nbsp;&nbsp;&nbsp; tel. 22&nbsp;623 24 81,<\/p>\n\n\n\n<p>b) w Wojew\u00f3dzkim Inspektoracie Weterynarii w Bydgoszczy:<br>&nbsp;&nbsp;&nbsp;&nbsp;&nbsp;&nbsp;&nbsp;&nbsp;&nbsp;&nbsp;&nbsp;&nbsp;&nbsp;&nbsp;&nbsp;&nbsp;&nbsp; ul. Powsta\u0144c\u00f3w Wielkopolskich 10, 85-090 Bydgoszcz, kontakt e-mail:<br>&nbsp;&nbsp;&nbsp;&nbsp;&nbsp;&nbsp;&nbsp;&nbsp;&nbsp;&nbsp;&nbsp;&nbsp;&nbsp;&nbsp;&nbsp;&nbsp;&nbsp; <a href=\"mailto:bydgoszcz.wiw@wetgiw.gov.pl\">bydgoszcz.wiw@wetgiw.gov.pl<\/a>, <a href=\"mailto:bydgoszcz.wiw@wp.pl\">bydgoszcz.wiw@wp.pl<\/a>, tel. 52 33 92 100,<br>&nbsp;&nbsp;&nbsp;&nbsp;&nbsp;&nbsp;&nbsp;&nbsp;&nbsp;&nbsp;&nbsp;&nbsp;&nbsp;&nbsp;&nbsp;&nbsp;&nbsp; 052 345 50 13;<\/p>\n\n\n\n<p>c) w Powiatowych Inspektoratach Weterynarii w:<\/p>\n\n\n\n<p>Powiatowy Inspektorat Weterynarii w \u017bninie ul. Nowa 4, 88-400 \u017bnin, e-mail: <a href=\"mailto:sekretariat@piwwabrzezno.pl\">sekretariat@piwznin.pl<\/a> tel: 52 303-20-06, w imieniu kt\u00f3rego wyst\u0119puje Powiatowy Lekarz Weterynarii.<\/p>\n\n\n\n<p>We wszystkich sprawach zwi\u0105zanych z przetwarzaniem i ochron\u0105 Pani\/Pana danych osobowych mo\u017ce si\u0119 Pani\/Pan z nami kontaktowa\u0107 przez Inspektora Ochrony Danych Osobowych Pana Tomasza Powa\u0142y, poczta elektroniczna tomaszpowala@wp.pl<\/p>\n\n\n\n<p>3) dane osobowe mog\u0105 by\u0107&nbsp; przetwarzane &nbsp;w celu<\/p>\n\n\n\n<ol type=\"a\" start=\"1\">\n<li>&nbsp;realizacji czynno\u015bci urz\u0119dowych tj.: Osoba, kt\u00f3rej dane dotycz\u0105 wyrazi\u0142a zgod\u0119 na przetwarzanie danych osobowych w jednym lub wi\u0119kszej liczbie okre\u015blonych cel\u00f3w na podstawie art. 6 ust.1 lit. a&nbsp; Rozporz\u0105dzenia;<\/li>\n\n\n\n<li>przetwarzanie jest niezb\u0119dne do wykonania umowy, kt\u00f3rej stron\u0105 jest osoba, kt\u00f3rej dane dotycz\u0105, lub do podj\u0119cia dzia\u0142a\u0144 na \u017c\u0105danie osoby, kt\u00f3rej dane dotycz\u0105, przed zawarciem umowy na podstawie art.6 ust.1 lit.b Rozporz\u0105dzenia;<\/li>\n\n\n\n<li>wype\u0142niania obowi\u0105zku prawnego ci\u0105\u017c\u0105cego na Administratorze&nbsp; na podstawie art. 6 ust. 1 lit. c Rozporz\u0105dzenia;<\/li>\n\n\n\n<li>przetwarzanie jest niezb\u0119dne do wykonania zadania realizowanego w interesie publicznym lub w ramach sprawowania w\u0142adzy publicznej powierzonej administratorowi na podstawie art.6 ust.1 lit.e Rozporz\u0105dzenia;<\/li>\n<\/ol>\n\n\n\n<p>4) dane osobowe s\u0105 przetwarzane przez okres wymagany prawem, okre\u015blony<br>w szczeg\u00f3lno\u015bci na podstawie przepis\u00f3w o narodowym zasobie archiwalnym<br>&nbsp;i&nbsp; archiwach;<\/p>\n\n\n\n<p>5) w przypadku publicznego charakteru rejestru\/wykazu\/listy dane te s\u0105 powszechnie dost\u0119pne, w innych przypadkach dane osobowe nie s\u0105 przekazywane innym odbiorcom;<\/p>\n\n\n\n<p>6) ka\u017cdy, kt\u00f3rego dane osobowe s\u0105 przetwarzane, ma prawo do \u017c\u0105dania dost\u0119pu do swoich danych osobowych, ich sprostowania lub ograniczenia przetwarzania;<\/p>\n\n\n\n<p>7) maj\u0105 Pa\u0144stwo prawo wnie\u015b\u0107 skarg\u0119 do organu nadzorczego, kt\u00f3rym w Polsce jest Prezes Urz\u0119du Ochrony Danych Osobowych (adres siedziby: ul. Stawki 2, 00-193 Warszawa);<\/p>\n\n\n\n<p>8) podanie danych osobowych jest konieczne w celu realizacji sprawy, z kt\u00f3r\u0105 zwraca si\u0119 osoba fizyczna do organu Inspekcji Weterynaryjnej;<\/p>\n\n\n\n<p>9) &nbsp;Inspekcja Weterynaryjna nie posiada uprawnie\u0144 do wydawania decyzji, o kt\u00f3rej mowa w art. 22 ust. 1 RODO, co oznacza, \u017ce \u017cadne rozstrzygni\u0119cia dotycz\u0105ce Pa\u0144stwa nie b\u0119d\u0105 zapada\u0107 automatycznie oraz nie b\u0119d\u0105 tworzone Pa\u0144stwa profile.<\/p>\n\n\n<\/div>","protected":false},"excerpt":{"rendered":"<p>Klauzula informacyjna dla os\u00f3b fizycznych wpisywanych do rejestr\u00f3w, wykaz\u00f3w i list prowadzonych przez Inspekcj\u0119 Weterynaryjn\u0105 Na podstawie art. 13 ust. 1 i 2 rozporz\u0105dzenia Parlamentu Europejskiegoi Rady (UE) 2016\/679 z dnia 27 kwietnia 2016 r. w sprawie ochrony os\u00f3b fizycznych w zwi\u0105zku z przetwarzaniem danych osobowych i w sprawie swobodnego przep\u0142ywu takich danych oraz uchylenia &#8230;<\/p>\n","protected":false},"author":1,"featured_media":0,"parent":0,"menu_order":0,"comment_status":"closed","ping_status":"closed","template":"","meta":{"_mi_skip_tracking":false},"aioseo_notices":[],"_links":{"self":[{"href":"http:\/\/www.piwznin.pl\/index.php?rest_route=\/wp\/v2\/pages\/495"}],"collection":[{"href":"http:\/\/www.piwznin.pl\/index.php?rest_route=\/wp\/v2\/pages"}],"about":[{"href":"http:\/\/www.piwznin.pl\/index.php?rest_route=\/wp\/v2\/types\/page"}],"author":[{"embeddable":true,"href":"http:\/\/www.piwznin.pl\/index.php?rest_route=\/wp\/v2\/users\/1"}],"replies":[{"embeddable":true,"href":"http:\/\/www.piwznin.pl\/index.php?rest_route=%2Fwp%2Fv2%2Fcomments&post=495"}],"version-history":[{"count":1,"href":"http:\/\/www.piwznin.pl\/index.php?rest_route=\/wp\/v2\/pages\/495\/revisions"}],"predecessor-version":[{"id":497,"href":"http:\/\/www.piwznin.pl\/index.php?rest_route=\/wp\/v2\/pages\/495\/revisions\/497"}],"wp:attachment":[{"href":"http:\/\/www.piwznin.pl\/index.php?rest_route=%2Fwp%2Fv2%2Fmedia&parent=495"}],"curies":[{"name":"wp","href":"https:\/\/api.w.org\/{rel}","templated":true}]}}