{"id":504,"date":"2023-09-05T13:01:00","date_gmt":"2023-09-05T13:01:00","guid":{"rendered":"http:\/\/www.piwznin.pl\/?page_id=504"},"modified":"2026-04-22T07:32:46","modified_gmt":"2026-04-22T07:32:46","slug":"informacje-biezace","status":"publish","type":"page","link":"http:\/\/www.piwznin.pl\/?page_id=504","title":{"rendered":"Informacje bie\u017c\u0105ce"},"content":{"rendered":"<div class=\"entry\">\n\n\n<h4 class=\"wp-block-heading\"><a href=\"http:\/\/www.piwznin.pl\/?page_id=928\" title=\"\">Pilna informacja dla hodowc\u00f3w<\/a><\/h4>\n\n\n\n<h4 class=\"wp-block-heading\"><a href=\"http:\/\/www.piwznin.pl\/?page_id=880\" title=\"\">Zg\u0142oszenie drobiu pilne<\/a><\/h4>\n\n\n\n<h4 class=\"wp-block-heading\"><a href=\"http:\/\/www.piwznin.pl\/?page_id=873\" title=\"\">Wirus HPAI &#8211; nowe informacje<\/a><\/h4>\n\n\n\n<h4 class=\"wp-block-heading\"><a href=\"http:\/\/www.piwznin.pl\/wp-content\/uploads\/2026\/02\/Rozporzadzenie-PIWZNIN-9.02.2026.pdf\" target=\"_blank\" rel=\"noopener\" title=\"\">Rozporz\u0105dzenie Powiatowego Lekarza Weterynarii w \u017bninie<\/a><\/h4>\n\n\n\n<h4 class=\"wp-block-heading\"><a href=\"http:\/\/www.piwznin.pl\/?page_id=829\" title=\"\">Og\u0142oszenie &#8211; oferta pracy <\/a><\/h4>\n\n\n\n<h4 class=\"wp-block-heading\"><a href=\"http:\/\/www.piwznin.pl\/?page_id=813\" title=\"\">Szkolenie nt pozyskania mi\u0119sa na u\u017cytek w\u0142asny<\/a><\/h4>\n\n\n\n<h4 class=\"wp-block-heading\"><a href=\"http:\/\/www.piwznin.pl\/?page_id=795\" title=\"\">Pryszczyca<\/a><\/h4>\n\n\n\n<h4 class=\"wp-block-heading\"><a href=\"http:\/\/www.piwznin.pl\/?page_id=768\" title=\"\">Badanie pr\u00f3bek dzik\u00f3w i \u015bwi\u0144 na u\u017cytek w\u0142asny<\/a><\/h4>\n\n\n\n<h4 class=\"wp-block-heading\"><a href=\"http:\/\/www.piwznin.pl\/?page_id=754\" title=\"\">Nab\u00f3r na rok 2025<\/a><\/h4>\n\n\n\n<h4 class=\"wp-block-heading\"><a href=\"http:\/\/www.piwznin.pl\/?page_id=336\" target=\"_blank\" rel=\"noopener\" title=\"\">Szkolenie w Minikowie 28-11-2024<\/a><\/h4>\n\n\n\n<h4 class=\"wp-block-heading\"><a href=\"http:\/\/www.piwznin.pl\/?page_id=36\" title=\"\">Zatrzymaj ASF<\/a><\/h4>\n\n\n\n<h4 class=\"wp-block-heading\"><a href=\"http:\/\/www.piwznin.pl\/?page_id=712\" title=\"\">Szkolenie w Minikowie &#8211; Rolniczy Handel Detaliczny<\/a><\/h4>\n\n\n\n<h4 class=\"wp-block-heading\"><a href=\"http:\/\/www.piwznin.pl\/wp-content\/uploads\/2024\/03\/Ogloszenie-o-zbednych-skladnikach-majatku-ruchomego-.pdf\" target=\"_blank\" rel=\"noopener\" title=\"\">Og\u0142oszenie o zb\u0119dnych sk\u0142adnikach maj\u0105tku ruchomego PIW w \u017bninie<\/a><\/h4>\n\n\n\n<h4 class=\"wp-block-heading\"><a href=\"http:\/\/www.piwznin.pl\/wp-content\/uploads\/2024\/03\/Komunikat-PLW-4.03.2024.pdf\" target=\"_blank\" rel=\"noopener\" title=\"\">Komunikat Powiatowego Lekarza Weterynarii w spawie badania mi\u0119sa<\/a> &#8211; 4.03.2024<\/h4>\n\n\n\n<h4 class=\"wp-block-heading\"><a href=\"http:\/\/www.piwznin.pl\/wp-content\/uploads\/2023\/12\/Rozporzadzenie-w-sprawie-2-stycznia.pdf\" target=\"_blank\" rel=\"noopener\" title=\"\">2 stycznia 2024<\/a><\/h4>\n\n\n\n<h4 class=\"wp-block-heading\">Konferencja on-line 13.12.2023: <a href=\"https:\/\/sir.kpodr.pl\/index.php\/2023\/11\/20\/swiadome-i-bezpieczne-przetworstwo-zywnosci-pochodzenia-zwierzecego-konferencja\/\" target=\"_blank\" rel=\"noopener\" title=\"\">&#8222;\u015awiadome i bezpieczne przetw\u00f3rstwo \u017cywno\u015bci pochodzenia zwierz\u0119cego&#8221;<\/a><\/h4>\n\n\n\n<h4 class=\"wp-block-heading\">Szkolenie 6.12.2023: <a href=\"https:\/\/sir.kpodr.pl\/index.php\/2023\/11\/14\/praktyczne-aspekty-projektowania-wdrazania-i-utrzymania-systemu-haccp-w-warunkach-przetworstwa-rzemieslniczego-szkolenie\/\" target=\"_blank\" rel=\"noopener\" title=\"\">Praktyczne aspekty projektowania wdra\u017cania i utrzymania systemu HACCP w warunkach przetw\u00f3rstwa rzemie\u015blniczego<\/a><\/h4>\n\n\n\n<h4 class=\"wp-block-heading\"><a href=\"http:\/\/www.piwznin.pl\/wp-content\/uploads\/2023\/12\/zarzadzenie-nr-4-2023-Powiatowego-Lekarza-Weterynarii-w-Zninie-w-sprawie-sposobu-organizacji-czasu-pracyInspekcji-Weterynaryjnej.pdf\" target=\"_blank\" rel=\"noopener\" title=\"\">Zarz\u0105dzenie Powiatowego Lekarza Weterynarii w \u017bninie<\/a><\/h4>\n\n\n\n<h4 class=\"wp-block-heading\"><a href=\"http:\/\/www.piwznin.pl\/?page_id=614\" title=\"\">Szkolenie nt. pozyskania mi\u0119sa na u\u017cytek w\u0142asny, ub\u00f3j z konieczno\u015bci, rze\u017anie rolnicze<\/a><\/h4>\n\n\n\n<h4 class=\"wp-block-heading\"><a href=\"http:\/\/www.piwznin.pl\/?page_id=594(otworzy si\u0119 w nowej karcie)\" title=\"\">Oferta Pracy<\/a> <\/h4>\n\n\n\n<h4 class=\"wp-block-heading\"><a href=\"http:\/\/www.piwznin.pl\/wp-content\/uploads\/2023\/11\/Szkolenie-Minikowo.pdf\" title=\"\">Szkolenie Minikowo<\/a><\/h4>\n\n\n\n<h4 class=\"wp-block-heading\"><a href=\"http:\/\/www.piwznin.pl\/wp-content\/uploads\/2023\/11\/Ogloszenie-Nissan-Juke.pdf\" target=\"_blank\" rel=\"noopener\" title=\"\">Og\u0142oszenie o nieodp\u0142atnym przekazaniu maj\u0105tku ruchomego<\/a><\/h4>\n\n\n\n<h4 class=\"wp-block-heading\"><a href=\"http:\/\/www.piwznin.pl\/wp-content\/uploads\/2023\/10\/w-zwiazku-z-rozp-524.pdf\" target=\"_blank\" rel=\"noopener\" title=\"\">2 listopada 2023<\/a><\/h4>\n\n\n\n<h4 class=\"wp-block-heading\"><a href=\"http:\/\/www.piwznin.pl\/?page_id=458\">Zachowanie dobrostanu \u015bwi\u0144<\/a><\/h4>\n\n\n\n<h4 class=\"wp-block-heading\"><a href=\"http:\/\/www.piwznin.pl\/?page_id=465\">Og\u0142oszenie<\/a><\/h4>\n\n\n\n<h4 class=\"wp-block-heading\"><a href=\"http:\/\/www.piwznin.pl\/?page_id=444\">Wzmo\u017cone ryzyko wyst\u0119powania ognisk ASF<\/a><\/h4>\n\n\n\n<h4 class=\"wp-block-heading\"><em><a href=\"http:\/\/www.piwznin.pl\/wp-content\/uploads\/2023\/04\/ASF-Bioasekuracja-przemieszczenia-rozpUE2023-594-MATERIALY-DLA-ROLNIKOW.pdf\">ASF Bioasekuracja przemieszczenia rozp(UE)2023-594 MATERIA\u0141Y DLA ROLNIK\u00d3W<\/a><\/em><\/h4>\n\n\n\n<h4 class=\"wp-block-heading\"><a href=\"http:\/\/www.piwznin.pl\/?page_id=31\"><strong>* GRYPA PTAK\u00d3W U PTACTWA DZIKIEGO !<\/strong><\/a><\/h4>\n\n\n\n<h4 class=\"wp-block-heading\"><a href=\"http:\/\/www.piwznin.pl\/?page_id=36\"><strong>Wytyczne do sporz\u0105dzenia Planu bezpiecze\u0144stwa biologicznego dla gospodarstw utrzymuj\u0105cych \u015bwinie<\/strong><\/a><\/h4>\n\n\n<\/div>","protected":false},"excerpt":{"rendered":"<p>Pilna informacja dla hodowc\u00f3w Zg\u0142oszenie drobiu pilne Wirus HPAI &#8211; nowe informacje Rozporz\u0105dzenie Powiatowego Lekarza Weterynarii w \u017bninie Og\u0142oszenie &#8211; oferta pracy Szkolenie nt pozyskania mi\u0119sa na u\u017cytek w\u0142asny Pryszczyca Badanie pr\u00f3bek dzik\u00f3w i \u015bwi\u0144 na u\u017cytek w\u0142asny Nab\u00f3r na rok 2025 Szkolenie w Minikowie 28-11-2024 Zatrzymaj ASF Szkolenie w Minikowie &#8211; Rolniczy Handel Detaliczny &#8230;<\/p>\n","protected":false},"author":1,"featured_media":0,"parent":0,"menu_order":0,"comment_status":"closed","ping_status":"closed","template":"","meta":{"_mi_skip_tracking":false},"aioseo_notices":[],"_links":{"self":[{"href":"http:\/\/www.piwznin.pl\/index.php?rest_route=\/wp\/v2\/pages\/504"}],"collection":[{"href":"http:\/\/www.piwznin.pl\/index.php?rest_route=\/wp\/v2\/pages"}],"about":[{"href":"http:\/\/www.piwznin.pl\/index.php?rest_route=\/wp\/v2\/types\/page"}],"author":[{"embeddable":true,"href":"http:\/\/www.piwznin.pl\/index.php?rest_route=\/wp\/v2\/users\/1"}],"replies":[{"embeddable":true,"href":"http:\/\/www.piwznin.pl\/index.php?rest_route=%2Fwp%2Fv2%2Fcomments&post=504"}],"version-history":[{"count":38,"href":"http:\/\/www.piwznin.pl\/index.php?rest_route=\/wp\/v2\/pages\/504\/revisions"}],"predecessor-version":[{"id":931,"href":"http:\/\/www.piwznin.pl\/index.php?rest_route=\/wp\/v2\/pages\/504\/revisions\/931"}],"wp:attachment":[{"href":"http:\/\/www.piwznin.pl\/index.php?rest_route=%2Fwp%2Fv2%2Fmedia&parent=504"}],"curies":[{"name":"wp","href":"https:\/\/api.w.org\/{rel}","templated":true}]}}