{"id":594,"date":"2023-11-21T12:12:28","date_gmt":"2023-11-21T12:12:28","guid":{"rendered":"http:\/\/www.piwznin.pl\/?page_id=594"},"modified":"2023-11-21T13:11:58","modified_gmt":"2023-11-21T13:11:58","slug":"oferty-pracy-rok-2024","status":"publish","type":"page","link":"http:\/\/www.piwznin.pl\/?page_id=594","title":{"rendered":"Oferty Pracy &#8211; Rok 2024"},"content":{"rendered":"<div class=\"entry\">\n\n\n<h1 class=\"wp-block-heading\"><strong>Aktualne oferty pracy<\/strong><\/h1>\n\n\n\n<p><strong>Powiatowy Inspektorat Weterynarii w \u017bninie poszukuje pracownik\u00f3w na stanowisko:<\/strong><\/p>\n\n\n\n<p><strong>Nab\u00f3r do czynno\u015bci z wyznaczenia<\/strong><\/p>\n\n\n\n<p><a href=\"http:\/\/www.piwznin.pl\/wp-content\/uploads\/2022\/11\/Ogloszenie-naboru-2023.docx\">* <\/a><a href=\"http:\/\/www.piwznin.pl\/wp-content\/uploads\/2023\/11\/Ogloszenie-naboru-2024.docx\" target=\"_blank\" rel=\"noopener\" title=\"\">Og\u0142oszenie naboru 2024<\/a><br><a href=\"http:\/\/www.piwznin.pl\/wp-content\/uploads\/2020\/11\/Za\u0142.-nr-1-o\u015bwiadczenia-zleceniobiorcy.docx\">* Za\u0142. nr 1 o\u015bwiadczenia zleceniobiorcy<\/a><br><a href=\"http:\/\/www.piwznin.pl\/wp-content\/uploads\/2020\/11\/Za\u0142.-nr-2-zg\u0142oszenie-wst\u0119pnej-gotowo\u015bci.docx\">* Za\u0142. nr 2 zg\u0142oszenie wst\u0119pnej gotowo\u015bci<\/a><\/p>\n\n\n\n<p><a href=\"http:\/\/www.piwznin.pl\/wp-content\/uploads\/2022\/10\/Dodatkowy-nabor-na-stanowisko-urzedowego-lekarza.docx\">Dodatkowy nab\u00f3r na stanowisko urz<\/a><\/p>\n\n\n<\/div>","protected":false},"excerpt":{"rendered":"<p>Aktualne oferty pracy Powiatowy Inspektorat Weterynarii w \u017bninie poszukuje pracownik\u00f3w na stanowisko: Nab\u00f3r do czynno\u015bci z wyznaczenia * Og\u0142oszenie naboru 2024* Za\u0142. nr 1 o\u015bwiadczenia zleceniobiorcy* Za\u0142. nr 2 zg\u0142oszenie wst\u0119pnej gotowo\u015bci Dodatkowy nab\u00f3r na stanowisko urz<\/p>\n","protected":false},"author":1,"featured_media":0,"parent":0,"menu_order":0,"comment_status":"closed","ping_status":"closed","template":"","meta":{"_mi_skip_tracking":false},"aioseo_notices":[],"_links":{"self":[{"href":"http:\/\/www.piwznin.pl\/index.php?rest_route=\/wp\/v2\/pages\/594"}],"collection":[{"href":"http:\/\/www.piwznin.pl\/index.php?rest_route=\/wp\/v2\/pages"}],"about":[{"href":"http:\/\/www.piwznin.pl\/index.php?rest_route=\/wp\/v2\/types\/page"}],"author":[{"embeddable":true,"href":"http:\/\/www.piwznin.pl\/index.php?rest_route=\/wp\/v2\/users\/1"}],"replies":[{"embeddable":true,"href":"http:\/\/www.piwznin.pl\/index.php?rest_route=%2Fwp%2Fv2%2Fcomments&post=594"}],"version-history":[{"count":3,"href":"http:\/\/www.piwznin.pl\/index.php?rest_route=\/wp\/v2\/pages\/594\/revisions"}],"predecessor-version":[{"id":610,"href":"http:\/\/www.piwznin.pl\/index.php?rest_route=\/wp\/v2\/pages\/594\/revisions\/610"}],"wp:attachment":[{"href":"http:\/\/www.piwznin.pl\/index.php?rest_route=%2Fwp%2Fv2%2Fmedia&parent=594"}],"curies":[{"name":"wp","href":"https:\/\/api.w.org\/{rel}","templated":true}]}}