{"id":60,"date":"2018-12-05T20:58:35","date_gmt":"2018-12-05T20:58:35","guid":{"rendered":"http:\/\/www.piwznin.pl\/?page_id=60"},"modified":"2026-03-11T09:47:33","modified_gmt":"2026-03-11T09:47:33","slug":"schemat-organizacyjny","status":"publish","type":"page","link":"http:\/\/www.piwznin.pl\/?page_id=60","title":{"rendered":"Kontakt"},"content":{"rendered":"<div class=\"entry\">\n<h2>Powiatowy Lekarz Weterynarii<\/h2>\n<div class=\"incontent\">\n<p><strong>lek. wet. Andrzej Domagalski<br \/>\n<\/strong>tel. 52 303-20-06 w. 28<br \/>\ne-mail: <a href=\"mailto:andrzej.domagalski@piwznin.pl\">andrzej.domagalski@piwznin.pl<\/a><br \/>\ne-mail: andrzej.domagalski@weterynaria.bydgoszcz.pl<\/p>\n<h3>Z-ca\u00a0 Lekarza Powiatowego &#8211; brak<\/h3>\n<\/div>\n<h3>Zesp\u00f3\u0142 do spraw zdrowia i ochrony zwierz\u0105t<\/h3>\n<div class=\"incontent\">\n<p>Koordynator Zespo\u0142u: Starszy Inspektor Weterynaryjny ds. ochrony zdrowia i zwalczania chor\u00f3b zaka\u017anych zwierz\u0105t:\u00a0 <strong>lek. wet. Grzegorz Nalewajski<br \/>\n<\/strong>tel. 52 303-20-06 w.21\u00a0 \u00a0e-mail: <a href=\"mailto:grzegorz.nalewajski@piwznin.pl\">grzegorz.nalewajski@piwznin.pl<\/a><\/p>\n<p>Inspektor Weterynaryjny ds. zdrowia zwierz\u0105t oraz zwalczania chor\u00f3b zaka\u017anych zwierz\u0105t:\u00a0<strong>lek. wet. Marta Olszewska<br \/>\n<\/strong>tel. 52 303-20-06 w. 21\u00a0 \u00a0e-mail: <a href=\"mailto:marta.olszewska@piwznin.pl\">marta.olszewska@piwznin.pl<\/a><u> <\/u><\/p>\n<p>Inspektor Weterynaryjny ds. zdrowia zwierz\u0105t oraz zwalczania chor\u00f3b zaka\u017anych zwierz\u0105t:\u00a0<strong>lek. wet. Agata Dzwo\u0144czyk<\/strong><br \/>\ntel. 52 303-20-06 w.24\u00a0 \u00a0e-mail: <a href=\"mailto:agata.dzwonczyk@piwznin.pl\">agata.dzwonczyk@piwznin.pl<\/a><\/p>\n<p>Starszy Inspektor Weterynaryjny ds. ochrony zwierz\u0105t:\u00a0<strong>mgr in\u017c. Jan Janowiak<br \/>\n<\/strong>tel. 52 303-20-06 w.22\u00a0 \u00a0e-mail: <a href=\"mailto:jan.janowiak@piwznin.pl\"><u>jan.janowiak@piwznin.pl<\/u><\/a><\/p>\n<p>Inspektor Weterynaryjny ds. kontroli wymog\u00f3w wzajemnej zgodno\u015bci, identyfikacji i rejestracji zwierz\u0105t:\u00a0<strong>in\u017c. Paulina Krakowiak<br \/>\n<\/strong>tel. 52 303-20-06 w.22\u00a0 \u00a0e-mail: <a href=\"mailto:paulina.krakowiak@piwznin.pl\"><u>paulina.krakowiak@piwznin.pl<\/u><\/a><\/p>\n<p>Inspektor Weterynaryjny ds.\u00a0 ochrony zwierz\u0105t oraz zwalczania chor\u00f3b zaka\u017anych zwierz\u0105t: <strong>mgr in\u017c. Magdalena Dering-Krygier<br \/>\n<\/strong>tel. 52 303-20-06 w.22\u00a0 \u00a0e-mail: <a href=\"mailto:magdalena.derkry@piwznin.pl\"><u>magdalena.derkry@piwznin.pl<\/u><\/a><\/p>\n<p>Inspektor Weterynaryjny ds. ochrony zwierz\u0105t:\u00a0<strong>in\u017c. Ma\u0142gorzata Szczurek<br \/>\n<\/strong>tel. 52 303-20-06 w. 22\u00a0 \u00a0e-mail: <a href=\"mailto:malgorzata.szczurek@piwznin.pl\">malgorzata.szczurek@piwznin.pl<\/a><\/p>\n<h3>Zesp\u00f3\u0142 do spraw bezpiecze\u0144stwa \u017cywno\u015bci, pasz i utylizacji<\/h3>\n<p>Koordynator zespo\u0142u: Inspektor Weterynaryjny ds. bezpiecze\u0144stwa \u017cywno\u015bci : <strong>lek. wet. Angelika Musia\u0142<br \/>\n<\/strong>tel. 52 303-20-06 w.23\u00a0 \u00a0e-mail: <a href=\"mailto:angelika.musial@piwznin.pl\"><u>angelika.musial@piwznin.pl<\/u><\/a><\/p>\n<p>Inspektor Weterynaryjny ds. bezpiecze\u0144stwa \u017cywno\u015bci:\u00a0<strong>lek. wet. Sandra Jarka<br \/>\n<\/strong>tel. 52 303-20-06 w.24\u00a0 \u00a0e-mail: <a href=\"mailto:sandra.jarka@piwznin.pl\"><u>sandra.jarka@piwznin.pl<\/u><\/a><\/p>\n<p>Starszy Inspektor Weterynaryjny ds. higieny \u017cywno\u015bci:\u00a0<u><\/u><strong>mgr in\u017c. Przemys\u0142aw Dec<br \/>\n<\/strong>tel. 52 303-20-06 w.23\u00a0 \u00a0e-mail: <a href=\"mailto:monika.zielinska@piwznin.pl\">przemyslaw.dec@piwznin.pl<\/a><\/p>\n<p>Inspektor Weterynaryjny ds. higieny \u017cywno\u015bci:\u00a0<u><\/u><strong>mgr in\u017c. Maria \u0141aniecka<br \/>\n<\/strong>tel. 52 303-20-06 w.23\u00a0 \u00a0e-mail: <a href=\"mailto:monika.zielinska@piwznin.pl\">maria.laniecka@piwznin.pl<\/a><\/p>\n<p>Inspektor Weterynaryjny ds. pasz i utylizacji:\u00a0<strong>mgr Monika Zieli\u0144ska<br \/>\n<\/strong>tel. 52 303-20-06 w.22\u00a0 \u00a0e-mail: <a href=\"mailto:monika.zielinska@piwznin.pl\">monika.zielinska@piwznin.pl<\/a><\/p>\n<h3>Zesp\u00f3\u0142 do spraw finansowo-ksi\u0119gowych<\/h3>\n<div class=\"incontent\">\n<p>G\u0142\u00f3wna ksi\u0119gowa:\u00a0<strong>mgr Justyna Szmania<br \/>\n<\/strong>tel. 52 303-20-06 w.27\u00a0 \u00a0e-mail: <a href=\"mailto:justyna.szmania@piwznin.pl\">justyna.szmania@piwznin.pl<\/a><\/p>\n<p>Referent ds. finansowo-ksi\u0119gowych:\u00a0<strong>mgr Sylwia Szybczy\u0144ska<br \/>\n<\/strong>tel. 52 303-20-06 w.27\u00a0\u00a0e-mail: <a href=\"mailto:sylwia.szybczynska@piwznin.pl\">sylwia.szybczynska@piwznin.pl<\/a><\/p>\n<p>Referent ds. administracyjno-finansowych:<strong> Zuzanna Opaczewska<br \/>\n<\/strong>tel. 52 303-20-06 w.29\u00a0 \u00a0e-mail: <a href=\"mailto:zuzanna.opaczewska@piwznin.pl\">zuzanna.opaczewska@piwznin.pl<\/a><\/p>\n<\/div>\n<h3>Zesp\u00f3\u0142 do spraw administracyjnych<\/h3>\n<div class=\"incontent\">\n<p>Referent ds. finansowo-ksi\u0119gowych:\u00a0<strong>Marlena Erlich<br \/>\n<\/strong>tel. 52 303-20-06 w.25\u00a0 \u00a0e-mail: <a href=\"mailto:sekretariat@piwznin.pl\">sekretariat@piwznin.pl<\/a><\/p>\n<\/div>\n<div class=\"incontent\">\n<p>Kierowca, magazynier: <strong>Leszek Grochecki<br \/>\n<\/strong>tel. 52 303-20-06 w.30<\/p>\n<\/div>\n<h3>Informatyk<\/h3>\n<div class=\"incontent\">\n<p><strong>mgr in\u017c. \u0141ukasz Sobacki<br \/>\n<\/strong>tel. 52 303-20-06<br \/>\ne-mail: <a href=\"mailto:informatyk@piwznin.pl\">informatyk@piwznin.pl<\/a><\/p>\n<h3>Radca Prawny<\/h3>\n<div class=\"incontent\">\n<p><strong>kancelaria zewn\u0119trzna<\/strong><sup><\/p>\n<p><\/sup><\/p>\n<\/div>\n<\/div>\n<\/div>\n<\/div>\n","protected":false},"excerpt":{"rendered":"<p>Powiatowy Lekarz Weterynarii lek. wet. Andrzej Domagalski tel. 52 303-20-06 w. 28 e-mail: andrzej.domagalski@piwznin.pl e-mail: andrzej.domagalski@weterynaria.bydgoszcz.pl Z-ca\u00a0 Lekarza Powiatowego &#8211; brak Zesp\u00f3\u0142 do spraw zdrowia i ochrony zwierz\u0105t Koordynator Zespo\u0142u: Starszy Inspektor Weterynaryjny ds. ochrony zdrowia i zwalczania chor\u00f3b zaka\u017anych zwierz\u0105t:\u00a0 lek. wet. Grzegorz Nalewajski tel. 52 303-20-06 w.21\u00a0 \u00a0e-mail: grzegorz.nalewajski@piwznin.pl Inspektor Weterynaryjny ds. zdrowia &#8230;<\/p>\n","protected":false},"author":1,"featured_media":0,"parent":0,"menu_order":0,"comment_status":"closed","ping_status":"closed","template":"","meta":{"_mi_skip_tracking":false},"aioseo_notices":[],"_links":{"self":[{"href":"http:\/\/www.piwznin.pl\/index.php?rest_route=\/wp\/v2\/pages\/60"}],"collection":[{"href":"http:\/\/www.piwznin.pl\/index.php?rest_route=\/wp\/v2\/pages"}],"about":[{"href":"http:\/\/www.piwznin.pl\/index.php?rest_route=\/wp\/v2\/types\/page"}],"author":[{"embeddable":true,"href":"http:\/\/www.piwznin.pl\/index.php?rest_route=\/wp\/v2\/users\/1"}],"replies":[{"embeddable":true,"href":"http:\/\/www.piwznin.pl\/index.php?rest_route=%2Fwp%2Fv2%2Fcomments&post=60"}],"version-history":[{"count":48,"href":"http:\/\/www.piwznin.pl\/index.php?rest_route=\/wp\/v2\/pages\/60\/revisions"}],"predecessor-version":[{"id":907,"href":"http:\/\/www.piwznin.pl\/index.php?rest_route=\/wp\/v2\/pages\/60\/revisions\/907"}],"wp:attachment":[{"href":"http:\/\/www.piwznin.pl\/index.php?rest_route=%2Fwp%2Fv2%2Fmedia&parent=60"}],"curies":[{"name":"wp","href":"https:\/\/api.w.org\/{rel}","templated":true}]}}