{"id":614,"date":"2023-11-22T12:41:38","date_gmt":"2023-11-22T12:41:38","guid":{"rendered":"http:\/\/www.piwznin.pl\/?page_id=614"},"modified":"2023-11-22T12:43:27","modified_gmt":"2023-11-22T12:43:27","slug":"szkolenie-nt-pozyskania-miesa-na-uzytek-wlasny-uboj-z-koniecznosci-rzeznie-rolnicze","status":"publish","type":"page","link":"http:\/\/www.piwznin.pl\/?page_id=614","title":{"rendered":"Szkolenie nt. pozyskania mi\u0119sa na u\u017cytek w\u0142asny, ub\u00f3j z konieczno\u015bci, rze\u017anie rolnicze"},"content":{"rendered":"<div class=\"entry\">\n\n\n<p class=\"has-text-align-center\">Wojew\u00f3dzki Kujawsko-Pomorski Lekarz Weterynarii<\/p>\n\n\n\n<p class=\"has-text-align-center\">oraz<br>Kujawsko-Pomorski O\u015brodek Doradztwa Rolniczego w Minikowie<br>zapraszaj\u0105 na szkolenie online<br>nt. <strong>Pozyskania mi\u0119sa na u\u017cytek w\u0142asny, ub\u00f3j z konieczno\u015bci, rze\u017anie rolnicze<\/strong><\/p>\n\n\n\n<p class=\"has-text-align-center\"><strong>7 grudnia 2023 r. (czwartek) 10:00-13:00<\/strong><\/p>\n\n\n\n<p class=\"has-text-align-center\">Warunkiem udzia\u0142u w szkoleniu jest wcze\u015bniejsza rejestracja dost\u0119pna pod linkiem:<\/p>\n\n\n\n<p class=\"has-text-align-center\"><strong>R e j e s t r a c j a<\/strong><br><strong><a href=\"https:\/\/kpodr.clickmeeting.com\/pozyskiwanie-miesa-na-uzytek-wlasny-uboj-z-koniecznosci-rzeznie-rolnicze\/register\" target=\"_blank\" rel=\"noreferrer noopener\">https:\/\/kpodr.clickmeeting.com\/pozyskiwanie-miesa-na-uzytek-wlasny-uboj-z-koniecznosci-rzeznie-rolnicze\/register<\/a><\/strong><\/p>\n\n\n\n<p class=\"has-text-align-center\">Po rejestracji otrzymacie Pa\u0144stwo, na podany adres e-mail, link umo\u017cliwiaj\u0105cy uczestnictwo w szkoleniu.<br>Osoby uczestnicz\u0105ce w szkoleniu po jego zako\u0144czeniu otrzymaj\u0105 mailowo potwierdzenie uczestnictwa, umo\u017cliwiaj\u0105ce uzyskanie od Powiatowego Lekarza Weterynarii,<br>w\u0142a\u015bciwego dla miejsca zamieszkania, za\u015bwiadczenia dotycz\u0105cego ,,Pozyskania mi\u0119sa na u\u017cytek w\u0142asny&#8221;.<\/p>\n\n\n<div class=\"wp-block-image\">\n<figure class=\"aligncenter size-full\"><a href=\"http:\/\/www.piwznin.pl\/wp-content\/uploads\/2023\/11\/plakat-szkolenie_2023_7_12-723x1024-1.jpg\"><img decoding=\"async\" loading=\"lazy\" width=\"723\" height=\"1024\" src=\"http:\/\/www.piwznin.pl\/wp-content\/uploads\/2023\/11\/plakat-szkolenie_2023_7_12-723x1024-1.jpg\" alt=\"\" class=\"wp-image-615\" srcset=\"http:\/\/www.piwznin.pl\/wp-content\/uploads\/2023\/11\/plakat-szkolenie_2023_7_12-723x1024-1.jpg 723w, http:\/\/www.piwznin.pl\/wp-content\/uploads\/2023\/11\/plakat-szkolenie_2023_7_12-723x1024-1-212x300.jpg 212w\" sizes=\"(max-width: 723px) 100vw, 723px\" \/><\/a><\/figure><\/div>\n\n\n<h6 class=\"wp-block-heading\"><strong>osoba do kontaktu:<\/strong><br>Anna Mo\u0144ko-\u0141anucha<br>starszy specjalista ds. produkcji zwierz\u0119cej<br><strong><a>anna.monko@kpodr.pl<\/a><\/strong><\/h6>\n\n\n\n<h6 class=\"wp-block-heading\">tel.: 52 386 72 19, 695 423 700<\/h6>\n\n\n<\/div>","protected":false},"excerpt":{"rendered":"<p>Wojew\u00f3dzki Kujawsko-Pomorski Lekarz Weterynarii orazKujawsko-Pomorski O\u015brodek Doradztwa Rolniczego w Minikowiezapraszaj\u0105 na szkolenie onlinent. Pozyskania mi\u0119sa na u\u017cytek w\u0142asny, ub\u00f3j z konieczno\u015bci, rze\u017anie rolnicze 7 grudnia 2023 r. (czwartek) 10:00-13:00 Warunkiem udzia\u0142u w szkoleniu jest wcze\u015bniejsza rejestracja dost\u0119pna pod linkiem: R e j e s t r a c j ahttps:\/\/kpodr.clickmeeting.com\/pozyskiwanie-miesa-na-uzytek-wlasny-uboj-z-koniecznosci-rzeznie-rolnicze\/register Po rejestracji otrzymacie Pa\u0144stwo, na &#8230;<\/p>\n","protected":false},"author":1,"featured_media":0,"parent":0,"menu_order":0,"comment_status":"closed","ping_status":"closed","template":"","meta":{"_mi_skip_tracking":false},"aioseo_notices":[],"_links":{"self":[{"href":"http:\/\/www.piwznin.pl\/index.php?rest_route=\/wp\/v2\/pages\/614"}],"collection":[{"href":"http:\/\/www.piwznin.pl\/index.php?rest_route=\/wp\/v2\/pages"}],"about":[{"href":"http:\/\/www.piwznin.pl\/index.php?rest_route=\/wp\/v2\/types\/page"}],"author":[{"embeddable":true,"href":"http:\/\/www.piwznin.pl\/index.php?rest_route=\/wp\/v2\/users\/1"}],"replies":[{"embeddable":true,"href":"http:\/\/www.piwznin.pl\/index.php?rest_route=%2Fwp%2Fv2%2Fcomments&post=614"}],"version-history":[{"count":2,"href":"http:\/\/www.piwznin.pl\/index.php?rest_route=\/wp\/v2\/pages\/614\/revisions"}],"predecessor-version":[{"id":620,"href":"http:\/\/www.piwznin.pl\/index.php?rest_route=\/wp\/v2\/pages\/614\/revisions\/620"}],"wp:attachment":[{"href":"http:\/\/www.piwznin.pl\/index.php?rest_route=%2Fwp%2Fv2%2Fmedia&parent=614"}],"curies":[{"name":"wp","href":"https:\/\/api.w.org\/{rel}","templated":true}]}}