{"id":64,"date":"2018-12-05T21:00:30","date_gmt":"2018-12-05T21:00:30","guid":{"rendered":"http:\/\/www.piwznin.pl\/?page_id=64"},"modified":"2026-03-13T08:17:55","modified_gmt":"2026-03-13T08:17:55","slug":"majatek-piw","status":"publish","type":"page","link":"http:\/\/www.piwznin.pl\/?page_id=64","title":{"rendered":"Maj\u0105tek  Powiatowego Inspektoratu Weterynarii w \u017bninie"},"content":{"rendered":"<div class=\"entry\">\n\n\n<p><br><strong><span style=\"color: #ff0000;\">ROK 2025<\/span><br><\/strong><a href=\"http:\/\/www.piwznin.pl\/wp-content\/uploads\/2026\/03\/Zestawienei-zmian-funduszu.pdf\" target=\"_blank\" rel=\"noopener\" title=\"\">* ZESTAWIENIE ZMIAN FUNDUSZU<\/a><br><a href=\"http:\/\/www.piwznin.pl\/wp-content\/uploads\/2026\/03\/Rachunek-zyskow-i-strat-2025.pdf\" target=\"_blank\" rel=\"noopener\">* RACHUNEK ZYSK\u00d3W I STRAT<\/a><br><a href=\"http:\/\/www.piwznin.pl\/wp-content\/uploads\/2026\/03\/Informacje-dodatkowe-2025.pdf\" target=\"_blank\" rel=\"noopener\">* INFORMACJE DODATKOWE<\/a><br><a href=\"http:\/\/www.piwznin.pl\/wp-content\/uploads\/2026\/03\/Bilans-2025.pdf\" target=\"_blank\" rel=\"noopener\">* BILANS<\/a><\/p>\n\n\n\n<hr class=\"wp-block-separator has-alpha-channel-opacity is-style-wide\"\/>\n\n\n\n<p><strong><span style=\"color: #ff0000;\">ROK 2024<\/span><br><\/strong><span style=\"color: #0000ff;\"><a style=\"color: #0000ff;\" href=\"http:\/\/www.piwznin.pl\/wp-content\/uploads\/2025\/03\/Zestawienia-zmian-funduszu-2024.pdf\" target=\"_blank\" rel=\"noopener\">* ZESTAWIENIE ZMIAN W FUNDUSZU<\/a><\/span><br><span style=\"color: #0000ff;\"><a style=\"color: #0000ff;\" href=\"http:\/\/www.piwznin.pl\/wp-content\/uploads\/2025\/03\/Rachunek-zyskow-i-strat-2024.pdf\" target=\"_blank\" rel=\"noopener\">* RACHUNEK ZYSK\u00d3W I STRAT<\/a><\/span><br><span style=\"color: #0000ff;\"><a style=\"color: #0000ff;\" href=\"http:\/\/www.piwznin.pl\/wp-content\/uploads\/2025\/03\/Informacje-dodatkowe-20204.pdf\" target=\"_blank\" rel=\"noopener\">* INFORMACJA DODATKOWA<\/a><\/span><br><span style=\"color: #0000ff;\"><a style=\"color: #0000ff;\" href=\"http:\/\/www.piwznin.pl\/wp-content\/uploads\/2025\/03\/Bilans-2024.pdf\" target=\"_blank\" rel=\"noopener\">* BILANS<\/a><\/span><br><span style=\"color: #ff0000;\"><a style=\"color: #ff0000;\" href=\"http:\/\/www.piwznin.pl\/wp-content\/uploads\/2025\/03\/Raport-o-stanie-zapewnienia-dostepnosci-podmiotu-publicznego-2024.pdf\" target=\"_blank\" rel=\"noopener\"><span style=\"color: #0000ff;\">* RAPORT O STANIE ZAPEWNIENIA DOST\u0118PNO\u015aCI PODMIOTU PUBLICZNEGO<\/span><\/a><\/span><\/p>\n\n\n\n<div class=\"incontent\"><hr><\/div>\n\n\n\n<p><strong><span style=\"color: #ff0000;\">ROK 2023<\/span><br><\/strong><span style=\"color: #0000ff;\"><a style=\"color: #0000ff;\" href=\"http:\/\/www.piwznin.pl\/wp-content\/uploads\/2024\/03\/Zestawienie-zmian-w-funduszu-2023.pdf\" target=\"_blank\" rel=\"noopener\">* ZESTAWIENIE ZMIAN W FUNDUSZU<\/a><\/span><br><span style=\"color: #0000ff;\"><a style=\"color: #0000ff;\" href=\"http:\/\/www.piwznin.pl\/wp-content\/uploads\/2024\/03\/Rachunek-zyskow-i-strat-2023.pdf\" target=\"_blank\" rel=\"noopener\">* RACHUNEK ZYSK\u00d3W I STRAT<\/a><\/span><br><span style=\"color: #0000ff;\"><a style=\"color: #0000ff;\" href=\"http:\/\/www.piwznin.pl\/wp-content\/uploads\/2024\/03\/Informacje-dodatkowe-2023.pdf\" target=\"_blank\" rel=\"noopener\">* INFORMACJA DODATKOWA<\/a><\/span><br><span style=\"color: #0000ff;\"><a style=\"color: #0000ff;\" href=\"http:\/\/www.piwznin.pl\/wp-content\/uploads\/2024\/03\/Bilans-2023.pdf\" target=\"_blank\" rel=\"noopener\">* BILANS<\/a><\/span><\/p>\n\n\n\n<hr class=\"wp-block-separator has-alpha-channel-opacity is-style-wide\"\/>\n\n\n\n<p><strong><span style=\"color: #ff0000;\">ROK 2022<br><\/span><\/strong><span style=\"color: #0000ff;\"><a style=\"color: #0000ff;\" href=\"http:\/\/www.piwznin.pl\/wp-content\/uploads\/2023\/03\/Zestawienie-zmian-w-funduszu.pdf\">* ZESTAWIENIE ZMIAN W FUNDUSZU<\/a><br><a style=\"color: #0000ff;\" href=\"http:\/\/www.piwznin.pl\/wp-content\/uploads\/2023\/03\/Rachunek-zyskow-i-strat.pdf\">* RACHUNEK ZYSK\u00d3W I STRAT<\/a><\/span><br><span style=\"color: #0000ff;\"><a style=\"color: #0000ff;\" href=\"http:\/\/www.piwznin.pl\/wp-content\/uploads\/2023\/03\/Informacja-dodatkowa.pdf\">* INFORMACJA<\/a><a style=\"color: #0000ff;\" href=\"http:\/\/www.piwznin.pl\/wp-content\/uploads\/2023\/03\/Informacja-dodatkowa.pdf\"> DODATKOWA<\/a><br><\/span><a href=\"http:\/\/www.piwznin.pl\/wp-content\/uploads\/2023\/03\/Bilans.pdf\"><span style=\"color: #0000ff;\">* BILANS<\/span><\/a><\/p>\n\n\n\n<hr class=\"wp-block-separator has-alpha-channel-opacity is-style-wide\"\/>\n\n\n\n<p><strong><span style=\"color: #ff0000;\">ROK 2021<br><\/span><\/strong><span style=\"color: #0000ff;\"><a style=\"color: #0000ff;\" href=\"http:\/\/www.piwznin.pl\/wp-content\/uploads\/2022\/03\/Zestawienie-zmian-w-funduszu.pdf\">* ZESTAWIENIE ZMIAN FUNDUSZU<\/a><\/span><strong><span style=\"color: #ff0000;\"><br><\/span><\/strong><span style=\"color: #0000ff;\"><a style=\"color: #0000ff;\" href=\"http:\/\/www.piwznin.pl\/wp-content\/uploads\/2022\/03\/Rachunek-zyskow-i-strat.pdf\">* RACHUNEK ZYSK\u00d3W I STRAT<\/a><\/span><strong><span style=\"color: #ff0000;\"><br><\/span><\/strong><span style=\"color: #0000ff;\"><a style=\"color: #0000ff;\" href=\"http:\/\/www.piwznin.pl\/wp-content\/uploads\/2022\/03\/Informacja-dodatkowa.pdf\">* INFORMACJA DODATKOWA<\/a><\/span><strong><span style=\"color: #ff0000;\"><br><\/span><\/strong><span style=\"color: #ff0000;\"><span style=\"color: #0000ff;\"><a style=\"color: #0000ff;\" href=\"http:\/\/www.piwznin.pl\/wp-content\/uploads\/2022\/03\/Bilans.pdf\">* BILANS<\/a><\/span><\/span><strong><span style=\"color: #ff0000;\"><br><\/span><\/strong><\/p>\n\n\n\n<hr class=\"wp-block-separator has-alpha-channel-opacity is-style-wide\"\/>\n\n\n\n<p><strong><span style=\"color: #ff0000;\">ROK 2020<\/span><br><\/strong><span style=\"color: #0000ff;\"><a style=\"color: #0000ff;\" href=\"http:\/\/www.piwznin.pl\/wp-content\/uploads\/2021\/03\/ZESTAWIENIE-ZMIAN-FUNDUSZU.pdf\">* ZESTAWIENIE ZMIAN FUNDUSZU<\/a><\/span><br><span style=\"color: #0000ff;\"><a style=\"color: #0000ff;\" href=\"http:\/\/www.piwznin.pl\/wp-content\/uploads\/2021\/03\/RACHUNEK-ZYSK\u00d3W-I-STRAT.pdf\">* RACHUNEK ZYSK\u00d3W I STRAT<\/a><\/span><br><span style=\"color: #0000ff;\"><a style=\"color: #0000ff;\" href=\"http:\/\/www.piwznin.pl\/wp-content\/uploads\/2021\/03\/INFORMACJA-DODATKOWA.pdf\">* INFORMACJA DODATKOWA<\/a><\/span><br><span style=\"color: #0000ff;\"><a style=\"color: #0000ff;\" href=\"http:\/\/www.piwznin.pl\/wp-content\/uploads\/2021\/03\/BILANS.pdf\">* BILANS<\/a><\/span><\/p>\n\n\n\n<hr class=\"wp-block-separator has-alpha-channel-opacity is-style-wide\"\/>\n\n\n\n<p><strong><span style=\"color: #ff0000;\">ROK 2019<\/span><br><\/strong><span style=\"color: #0000ff;\"><a style=\"color: #0000ff;\" href=\"http:\/\/www.piwznin.pl\/wp-content\/uploads\/2020\/03\/Zestawienie-zmian-w-funduszu-jednostki.pdf\">* ZESTAWIENiE ZMIAN FUNDUSZU<\/a><\/span><br><span style=\"color: #0000ff;\"><a style=\"color: #0000ff;\" href=\"http:\/\/www.piwznin.pl\/wp-content\/uploads\/2020\/03\/Rachunek-zysk\u00f3w-i-strat.pdf\">* RACHUNEK ZYSK\u00d3W I STRAT<\/a><\/span><br><span style=\"color: #0000ff;\"><a style=\"color: #0000ff;\" href=\"http:\/\/www.piwznin.pl\/wp-content\/uploads\/2020\/03\/Informacja-dodatkowa.pdf\">* INFORMACJA DODATKOWA<\/a><\/span><br><a href=\"http:\/\/www.piwznin.pl\/wp-content\/uploads\/2020\/03\/PIW-ZNIN-BILANS.pdf\"><span style=\"color: #0000ff;\">* BILANS<\/span><\/a><\/p>\n\n\n\n<hr class=\"wp-block-separator has-alpha-channel-opacity is-style-wide\"\/>\n\n\n\n<p><strong><span style=\"color: #ff0000;\">ROK 2018<\/span><br><\/strong><span style=\"color: #0000ff;\"><a style=\"color: #0000ff;\" href=\"http:\/\/www.piwznin.pl\/wp-content\/uploads\/2019\/05\/ZESTAWIENIE-ZMIAN-FUNDUSZU.pdf\">* ZESTAWIENIE ZMIAN FUNDUSZU<\/a><\/span><br><span style=\"color: #0000ff;\"><a style=\"color: #0000ff;\" href=\"http:\/\/www.piwznin.pl\/wp-content\/uploads\/2019\/05\/RACHUNEK-ZYSK\u00d3W-I-STRAT.pdf\">* RACHUNEK ZYSK\u00d3W I STRAT<\/a><\/span><br><span style=\"color: #0000ff;\"><a style=\"color: #0000ff;\" href=\"http:\/\/www.piwznin.pl\/wp-content\/uploads\/2019\/05\/INFORMACJA-DODATKOWA.pdf\">* INFORMACJA DODATKOWA<\/a><\/span><br><span style=\"color: #0000ff;\"><a style=\"color: #0000ff;\" href=\"http:\/\/www.piwznin.pl\/wp-content\/uploads\/2019\/05\/BILANS-PIW-\u017bNIN-na-31.12.2018.pdf\">* BILANS<\/a><\/span><\/p>\n\n\n\n<div class=\"incontent\">&nbsp;<\/div>\n\n\n<\/div>","protected":false},"excerpt":{"rendered":"<p>ROK 2025* ZESTAWIENIE ZMIAN FUNDUSZU* RACHUNEK ZYSK\u00d3W I STRAT* INFORMACJE DODATKOWE* BILANS ROK 2024* ZESTAWIENIE ZMIAN W FUNDUSZU* RACHUNEK ZYSK\u00d3W I STRAT* INFORMACJA DODATKOWA* BILANS* RAPORT O STANIE ZAPEWNIENIA DOST\u0118PNO\u015aCI PODMIOTU PUBLICZNEGO ROK 2023* ZESTAWIENIE ZMIAN W FUNDUSZU* RACHUNEK ZYSK\u00d3W I STRAT* INFORMACJA DODATKOWA* BILANS ROK 2022* ZESTAWIENIE ZMIAN W FUNDUSZU* RACHUNEK ZYSK\u00d3W I STRAT* &#8230;<\/p>\n","protected":false},"author":1,"featured_media":0,"parent":0,"menu_order":0,"comment_status":"closed","ping_status":"closed","template":"","meta":{"_mi_skip_tracking":false},"aioseo_notices":[],"_links":{"self":[{"href":"http:\/\/www.piwznin.pl\/index.php?rest_route=\/wp\/v2\/pages\/64"}],"collection":[{"href":"http:\/\/www.piwznin.pl\/index.php?rest_route=\/wp\/v2\/pages"}],"about":[{"href":"http:\/\/www.piwznin.pl\/index.php?rest_route=\/wp\/v2\/types\/page"}],"author":[{"embeddable":true,"href":"http:\/\/www.piwznin.pl\/index.php?rest_route=\/wp\/v2\/users\/1"}],"replies":[{"embeddable":true,"href":"http:\/\/www.piwznin.pl\/index.php?rest_route=%2Fwp%2Fv2%2Fcomments&post=64"}],"version-history":[{"count":34,"href":"http:\/\/www.piwznin.pl\/index.php?rest_route=\/wp\/v2\/pages\/64\/revisions"}],"predecessor-version":[{"id":921,"href":"http:\/\/www.piwznin.pl\/index.php?rest_route=\/wp\/v2\/pages\/64\/revisions\/921"}],"wp:attachment":[{"href":"http:\/\/www.piwznin.pl\/index.php?rest_route=%2Fwp%2Fv2%2Fmedia&parent=64"}],"curies":[{"name":"wp","href":"https:\/\/api.w.org\/{rel}","templated":true}]}}