{"id":712,"date":"2024-05-24T06:54:02","date_gmt":"2024-05-24T06:54:02","guid":{"rendered":"http:\/\/www.piwznin.pl\/?page_id=712"},"modified":"2024-05-24T06:54:03","modified_gmt":"2024-05-24T06:54:03","slug":"rolniczy-handel-detaliczny-2","status":"publish","type":"page","link":"http:\/\/www.piwznin.pl\/?page_id=712","title":{"rendered":"Rolniczy Handel Detaliczny"},"content":{"rendered":"<div class=\"entry\">\n\n\n<p><\/p>\n\n\n\n<p>Szkolenie odb\u0119dzie si\u0119 28.05.2024<\/p>\n\n\n\n<p>Informacja o szkoleniu znajduje si\u0119 w kalendarium na stronie<br><a>https:\/\/www.kpodr.pl\/<\/a>\u00a0 w kalendarium oraz<br>https:\/\/www.facebook.com\/kpodr\/posts\/pfbid0H8juHg6UcoZNzmWioro8KMwPRRH7Eiccy<br>3p9ya2mHEk26d2kZUDTGzfohTodYFMjl<\/p>\n\n\n\n<figure class=\"wp-block-image size-large is-resized\"><a href=\"http:\/\/www.piwznin.pl\/wp-content\/uploads\/2024\/05\/RHD.jpg\"><img decoding=\"async\" loading=\"lazy\" src=\"http:\/\/www.piwznin.pl\/wp-content\/uploads\/2024\/05\/RHD-726x1024.jpg\" alt=\"\" class=\"wp-image-713\" width=\"574\" height=\"810\" srcset=\"http:\/\/www.piwznin.pl\/wp-content\/uploads\/2024\/05\/RHD-726x1024.jpg 726w, http:\/\/www.piwznin.pl\/wp-content\/uploads\/2024\/05\/RHD-213x300.jpg 213w, http:\/\/www.piwznin.pl\/wp-content\/uploads\/2024\/05\/RHD-768x1083.jpg 768w, http:\/\/www.piwznin.pl\/wp-content\/uploads\/2024\/05\/RHD-1090x1536.jpg 1090w, http:\/\/www.piwznin.pl\/wp-content\/uploads\/2024\/05\/RHD-1453x2048.jpg 1453w, http:\/\/www.piwznin.pl\/wp-content\/uploads\/2024\/05\/RHD.jpg 1660w\" sizes=\"(max-width: 574px) 100vw, 574px\" \/><\/a><\/figure>\n\n\n<\/div>","protected":false},"excerpt":{"rendered":"<p>Szkolenie odb\u0119dzie si\u0119 28.05.2024 Informacja o szkoleniu znajduje si\u0119 w kalendarium na stroniehttps:\/\/www.kpodr.pl\/\u00a0 w kalendarium orazhttps:\/\/www.facebook.com\/kpodr\/posts\/pfbid0H8juHg6UcoZNzmWioro8KMwPRRH7Eiccy3p9ya2mHEk26d2kZUDTGzfohTodYFMjl<\/p>\n","protected":false},"author":1,"featured_media":0,"parent":0,"menu_order":0,"comment_status":"closed","ping_status":"closed","template":"","meta":{"_mi_skip_tracking":false},"aioseo_notices":[],"_links":{"self":[{"href":"http:\/\/www.piwznin.pl\/index.php?rest_route=\/wp\/v2\/pages\/712"}],"collection":[{"href":"http:\/\/www.piwznin.pl\/index.php?rest_route=\/wp\/v2\/pages"}],"about":[{"href":"http:\/\/www.piwznin.pl\/index.php?rest_route=\/wp\/v2\/types\/page"}],"author":[{"embeddable":true,"href":"http:\/\/www.piwznin.pl\/index.php?rest_route=\/wp\/v2\/users\/1"}],"replies":[{"embeddable":true,"href":"http:\/\/www.piwznin.pl\/index.php?rest_route=%2Fwp%2Fv2%2Fcomments&post=712"}],"version-history":[{"count":1,"href":"http:\/\/www.piwznin.pl\/index.php?rest_route=\/wp\/v2\/pages\/712\/revisions"}],"predecessor-version":[{"id":715,"href":"http:\/\/www.piwznin.pl\/index.php?rest_route=\/wp\/v2\/pages\/712\/revisions\/715"}],"wp:attachment":[{"href":"http:\/\/www.piwznin.pl\/index.php?rest_route=%2Fwp%2Fv2%2Fmedia&parent=712"}],"curies":[{"name":"wp","href":"https:\/\/api.w.org\/{rel}","templated":true}]}}