{"id":746,"date":"2024-10-18T10:26:23","date_gmt":"2024-10-18T10:26:23","guid":{"rendered":"http:\/\/www.piwznin.pl\/?page_id=746"},"modified":"2024-10-18T10:29:56","modified_gmt":"2024-10-18T10:29:56","slug":"choroba-niebieskiego-jezyka","status":"publish","type":"page","link":"http:\/\/www.piwznin.pl\/?page_id=746","title":{"rendered":"Choroba niebieskiego j\u0119zyka"},"content":{"rendered":"<div class=\"entry\">\n\n\n<h2 class=\"wp-block-heading\">O chorobie niebieskiego j\u0119zyka<\/h2>\n\n\n\n<p>Choroba niebieskiego j\u0119zyka (<em>Bluetongue) <\/em>jest zaka\u017an\u0105 chorob\u0105 prze\u017cuwaczy, zar\u00f3wno domowych jak i dzikich (choruj\u0105 na ni\u0105 byd\u0142o, owce i kozy, ale tak\u017ce sarny, jelenie, \u0142osie, afryka\u0144skie antylopy, wielb\u0142\u0105dy, s\u0142onie), wywo\u0142ywan\u0105 przez wirus z rodzaju <em>Orbivirus (Reoviridae).<\/em> Zwierz\u0119ta nie zara\u017caj\u0105 si\u0119 bezpo\u015brednio od siebie, a jedynie poprzez owady k\u0142uj\u0105co-ss\u0105ce z rz\u0119du much\u00f3wek,&nbsp; rodzaju kuczmany <em>(Culicoides) <\/em>oraz poprzez krew lub nasienie.<\/p>\n\n\n\n<p>Na terytorium Polski choroba niebieskiego j\u0119zyka podlega obowi\u0105zkowi zwalczania.<\/p>\n\n\n\n<p><strong>Choroba nie przenosi si\u0119 na inne gatunki zwierz\u0105t gospodarskich i domowych oraz na ludzi, co oznacza, \u017ce mi\u0119so, mleko, sk\u00f3ry i we\u0142na oraz inne produkty pochodz\u0105ce od prze\u017cuwaczy nie stanowi\u0105 zagro\u017cenia dla ludzi.<\/strong><\/p>\n\n\n\n<p>Objawy<\/p>\n\n\n\n<p><strong>Byd\u0142o<\/strong> zaka\u017ca si\u0119 znacznie cz\u0119\u015bciej ni\u017c owce, aczkolwiek byd\u0142o choruje rzadko. Ponadto choroba ta u byd\u0142a przebiega w \u0142agodniejszej postaci ni\u017c u owiec. Po przechorowaniu byd\u0142o mo\u017ce sta\u0107 si\u0119 nosicielem zarazka, co prowadzi do zaka\u017cania kuczman\u00f3w i przenoszenia wirusa za ich po\u015brednictwem na zwierz\u0119ta zdrowe.<\/p>\n\n\n\n<p>Z uwagi na d\u0142ugi okres wyl\u0119gania choroby objawy kliniczne u byd\u0142a mog\u0105 nie by\u0107 widoczne nawet do 60-80 dnia po zaka\u017ceniu. Jednak\u017ce je\u015bli wyst\u0105pi\u0105, mo\u017cna zaobserwowa\u0107:<\/p>\n\n\n\n<ul>\n<li>gor\u0105czk\u0119,<\/li>\n\n\n\n<li>\u015blinotok,<\/li>\n\n\n\n<li>zaczerwienienie i obrz\u0119k b\u0142ony \u015bluzowej jamy ustnej,<\/li>\n\n\n\n<li>owrzodzenie opuszki z\u0119bowej i niekiedy ko\u0144ca j\u0119zyka,<\/li>\n\n\n\n<li>zapalenie koronki i tworzywa racic, b\u0119d\u0105ce przyczyn\u0105 kulawizny,<\/li>\n\n\n\n<li>u kr\u00f3w mlecznych &#8211; \u0142uszczenie si\u0119 nask\u00f3rka strzyk\u00f3w i tworzenie si\u0119 strup\u00f3w,<\/li>\n\n\n\n<li>ronienia,<\/li>\n\n\n\n<li>rodzenie zdeformowanych ciel\u0105t, przy czym deformacje dotycz\u0105 najcz\u0119\u015bciej g\u0142owy. Na zaka\u017cenie najbardziej podatne s\u0105 p\u0142ody w okresie rozwoju m\u00f3zgu.<\/li>\n<\/ul>\n\n\n\n<p>U <strong>owiec<\/strong> choroba mo\u017ce przebiega\u0107 od zaka\u017cenia bezobjawowego lub postaci przewlek\u0142ej do nadostrej i ostrej. Mo\u017cna zaobserwowa\u0107 nast\u0119puj\u0105ce objawy kliniczne:<\/p>\n\n\n\n<ul>\n<li>bardzo wysoka temperatura cia\u0142a 41-42<sup>o<\/sup>C,<\/li>\n\n\n\n<li>spadek kondycji, posmutnienie, depresja i utrata mleczno\u015bci,<\/li>\n\n\n\n<li>obrz\u0119k warg, powiek i ma\u0142\u017cowin usznych,<\/li>\n\n\n\n<li>silne zaczerwienienie b\u0142ony \u015bluzowej policzk\u00f3w i jamy nosowej,<\/li>\n\n\n\n<li>drobne wybroczyny pod \u015bluz\u00f3wk\u0105 jamy ustnej i nosowej,<\/li>\n\n\n\n<li>owrzodzenie warg, opuszki z\u0119bowej oraz w niekt\u00f3rych przypadkach j\u0119zyka,<\/li>\n\n\n\n<li>duszno\u015b\u0107, \u015blinotok, obfity wyp\u0142yw z nosa, pocz\u0105tkowo surowiczy, nast\u0119pnie \u015bluzowo-ropny i krwawy,<\/li>\n\n\n\n<li>wymioty mog\u0105ce by\u0107 przyczyn\u0105 zach\u0142ystowego zapalenia p\u0142uc,<\/li>\n\n\n\n<li>przekrwiony, obrz\u0119k\u0142y, siny i wystaj\u0105cy z jamy ustnej j\u0119zyk,<\/li>\n\n\n\n<li>biegunka, ka\u0142 z domieszk\u0105 krwi,<\/li>\n\n\n\n<li>kulawizna jako nast\u0119pstwo zapalenia koronki i tworzywa racic,<\/li>\n\n\n\n<li>mo\u017cliwe zapalenie p\u0142uc i zwyrodnienie mi\u0119\u015bni,<\/li>\n\n\n\n<li>ci\u0119\u017carne samice mog\u0105 rodzi\u0107 martwe lub zdeformowane jagni\u0119ta.<\/li>\n<\/ul>\n\n\n\n<p><a href=\"https:\/\/www.wetgiw.gov.pl\/nadzor-weterynaryjny\/o-chorobie-niebieskiego-jezyka\" target=\"_blank\" rel=\"noopener\" title=\"\">https:\/\/www.wetgiw.gov.pl\/nadzor-weterynaryjny\/o-chorobie-niebieskiego-jezyka<\/a><\/p>\n\n\n\n<p><a href=\"https:\/\/www.wetgiw.gov.pl\/nadzor-weterynaryjny\/zasady-ochrony-przezuwaczy-przed-choroba\" target=\"_blank\" rel=\"noopener\" title=\"\">https:\/\/www.wetgiw.gov.pl\/nadzor-weterynaryjny\/zasady-ochrony-przezuwaczy-przed-choroba<\/a><\/p>\n\n\n\n<p><\/p>\n\n\n<\/div>","protected":false},"excerpt":{"rendered":"<p>O chorobie niebieskiego j\u0119zyka Choroba niebieskiego j\u0119zyka (Bluetongue) jest zaka\u017an\u0105 chorob\u0105 prze\u017cuwaczy, zar\u00f3wno domowych jak i dzikich (choruj\u0105 na ni\u0105 byd\u0142o, owce i kozy, ale tak\u017ce sarny, jelenie, \u0142osie, afryka\u0144skie antylopy, wielb\u0142\u0105dy, s\u0142onie), wywo\u0142ywan\u0105 przez wirus z rodzaju Orbivirus (Reoviridae). Zwierz\u0119ta nie zara\u017caj\u0105 si\u0119 bezpo\u015brednio od siebie, a jedynie poprzez owady k\u0142uj\u0105co-ss\u0105ce z rz\u0119du much\u00f3wek,&nbsp; &#8230;<\/p>\n","protected":false},"author":1,"featured_media":0,"parent":0,"menu_order":0,"comment_status":"closed","ping_status":"closed","template":"","meta":{"_mi_skip_tracking":false},"aioseo_notices":[],"_links":{"self":[{"href":"http:\/\/www.piwznin.pl\/index.php?rest_route=\/wp\/v2\/pages\/746"}],"collection":[{"href":"http:\/\/www.piwznin.pl\/index.php?rest_route=\/wp\/v2\/pages"}],"about":[{"href":"http:\/\/www.piwznin.pl\/index.php?rest_route=\/wp\/v2\/types\/page"}],"author":[{"embeddable":true,"href":"http:\/\/www.piwznin.pl\/index.php?rest_route=\/wp\/v2\/users\/1"}],"replies":[{"embeddable":true,"href":"http:\/\/www.piwznin.pl\/index.php?rest_route=%2Fwp%2Fv2%2Fcomments&post=746"}],"version-history":[{"count":3,"href":"http:\/\/www.piwznin.pl\/index.php?rest_route=\/wp\/v2\/pages\/746\/revisions"}],"predecessor-version":[{"id":751,"href":"http:\/\/www.piwznin.pl\/index.php?rest_route=\/wp\/v2\/pages\/746\/revisions\/751"}],"wp:attachment":[{"href":"http:\/\/www.piwznin.pl\/index.php?rest_route=%2Fwp%2Fv2%2Fmedia&parent=746"}],"curies":[{"name":"wp","href":"https:\/\/api.w.org\/{rel}","templated":true}]}}