{"id":75,"date":"2018-12-05T21:23:27","date_gmt":"2018-12-05T21:23:27","guid":{"rendered":"http:\/\/www.piwznin.pl\/?page_id=75"},"modified":"2023-12-21T16:06:00","modified_gmt":"2023-12-21T16:06:00","slug":"strona-glowna","status":"publish","type":"page","link":"http:\/\/www.piwznin.pl\/","title":{"rendered":""},"content":{"rendered":"<div class=\"entry\">\n\n\n<h1 class=\"wp-block-heading\"><strong>Powiatowy Inspektorat Weterynarii w \u017bninie <\/strong><\/h1>\n\n\n\n<p class=\"has-text-align-center\">Powiatowy Lekarz Weterynarii<br>lek. wet. Andrzej Domagalski<\/p>\n\n\n\n<p class=\"has-text-align-center\">ul. Nowa 4, 88-400 \u017bnin<br>* telefon: <strong>52 303-20-06<\/strong><br>* telefon: <span style=\"color: #0000ff;\"><strong>52 511 89 33<br><\/strong><\/span><span class=\"bold\">* Adres e-mail:<\/span> <a href=\"mailto:sekretariat@piwznin.pl\">sekretariat@piwznin.pl<\/a><\/p>\n\n\n\n<p class=\"has-text-align-center\">Godziny otwarcia:<br>poniedzia\u0142ek 07:30\u201315:30<br>wtorek 07:30\u201318:00<br>\u015broda 07:30\u201315:30<br>czwartek 07:30\u201315:30<br>pi\u0105tek 07:30\u201315:30<br>sobota Zamkni\u0119te<br>niedziela Zamkni\u0119te<\/p>\n\n\n\n<p class=\"has-text-align-center\"> <iframe src=\"https:\/\/www.google.com\/maps\/embed?pb=!1m18!1m12!1m3!1d3610.0263976770943!2d17.745616591868984!3d52.85113112614979!2m3!1f0!2f0!3f0!3m2!1i1024!2i768!4f13.1!3m3!1m2!1s0x470364bbb737b439%3A0x132df0d49e0e3db8!2sInspekcja%20Weterynaryjna.%20Powiatowy%20Inspektorat%20Weterynarii!5e0!3m2!1spl!2spl!4v1703173976871!5m2!1spl!2spl\" width=\"600\" height=\"450\" style=\"border:0;\" allowfullscreen=\"\" loading=\"lazy\" referrerpolicy=\"no-referrer-when-downgrade\"><\/iframe> \u00a0<\/p>\n\n\n<\/div>","protected":false},"excerpt":{"rendered":"<p>Powiatowy Inspektorat Weterynarii w \u017bninie Powiatowy Lekarz Weterynariilek. wet. Andrzej Domagalski ul. Nowa 4, 88-400 \u017bnin* telefon: 52 303-20-06* telefon: 52 511 89 33* Adres e-mail: sekretariat@piwznin.pl Godziny otwarcia:poniedzia\u0142ek 07:30\u201315:30wtorek 07:30\u201318:00\u015broda 07:30\u201315:30czwartek 07:30\u201315:30pi\u0105tek 07:30\u201315:30sobota Zamkni\u0119teniedziela Zamkni\u0119te \u00a0<\/p>\n","protected":false},"author":1,"featured_media":0,"parent":0,"menu_order":0,"comment_status":"closed","ping_status":"closed","template":"","meta":{"_mi_skip_tracking":false},"aioseo_notices":[],"_links":{"self":[{"href":"http:\/\/www.piwznin.pl\/index.php?rest_route=\/wp\/v2\/pages\/75"}],"collection":[{"href":"http:\/\/www.piwznin.pl\/index.php?rest_route=\/wp\/v2\/pages"}],"about":[{"href":"http:\/\/www.piwznin.pl\/index.php?rest_route=\/wp\/v2\/types\/page"}],"author":[{"embeddable":true,"href":"http:\/\/www.piwznin.pl\/index.php?rest_route=\/wp\/v2\/users\/1"}],"replies":[{"embeddable":true,"href":"http:\/\/www.piwznin.pl\/index.php?rest_route=%2Fwp%2Fv2%2Fcomments&post=75"}],"version-history":[{"count":60,"href":"http:\/\/www.piwznin.pl\/index.php?rest_route=\/wp\/v2\/pages\/75\/revisions"}],"predecessor-version":[{"id":672,"href":"http:\/\/www.piwznin.pl\/index.php?rest_route=\/wp\/v2\/pages\/75\/revisions\/672"}],"wp:attachment":[{"href":"http:\/\/www.piwznin.pl\/index.php?rest_route=%2Fwp%2Fv2%2Fmedia&parent=75"}],"curies":[{"name":"wp","href":"https:\/\/api.w.org\/{rel}","templated":true}]}}