{"id":754,"date":"2024-11-15T11:22:36","date_gmt":"2024-11-15T11:22:36","guid":{"rendered":"http:\/\/www.piwznin.pl\/?page_id=754"},"modified":"2024-11-15T11:32:56","modified_gmt":"2024-11-15T11:32:56","slug":"oferty-pracy-rok-2025","status":"publish","type":"page","link":"http:\/\/www.piwznin.pl\/?page_id=754","title":{"rendered":"Oferty Pracy &#8211; Rok 2025"},"content":{"rendered":"<div class=\"entry\">\n<h1 class=\"wp-block-heading\"><strong>Aktualne oferty pracy<\/p>\n<p><\/strong><\/h1>\n<p><strong>Powiatowy Inspektorat Weterynarii w \u017bninie poszukuje pracownik\u00f3w na stanowisko:<\/p>\n<p><\/strong><\/p>\n<p><strong>Nab\u00f3r do czynno\u015bci z wyznaczenia<\/p>\n<p><\/strong><\/p>\n<p><a href=\"http:\/\/www.piwznin.pl\/wp-content\/uploads\/2024\/11\/Ogloszenie-naboru-rok-2025.pdf\" target=\"_blank\" rel=\"noopener\">* Og\u0142oszenie naboru na rok 2025<\/a><\/p>\n<p><a href=\"http:\/\/www.piwznin.pl\/wp-content\/uploads\/2020\/11\/Za\u0142.-nr-1-o\u015bwiadczenia-zleceniobiorcy.docx\">* Za\u0142. nr 1 o\u015bwiadczenia zleceniobiorcy<\/a><\/p>\n<p><a href=\"http:\/\/www.piwznin.pl\/wp-content\/uploads\/2020\/11\/Za\u0142.-nr-2-zg\u0142oszenie-wst\u0119pnej-gotowo\u015bci.docx\">* Za\u0142. nr 2 zg\u0142oszenie wst\u0119pnej gotowo\u015bci<\/a><\/p>\n<\/div>\n","protected":false},"excerpt":{"rendered":"<p>Aktualne oferty pracy Powiatowy Inspektorat Weterynarii w \u017bninie poszukuje pracownik\u00f3w na stanowisko: Nab\u00f3r do czynno\u015bci z wyznaczenia * Og\u0142oszenie naboru na rok 2025 * Za\u0142. nr 1 o\u015bwiadczenia zleceniobiorcy * Za\u0142. nr 2 zg\u0142oszenie wst\u0119pnej gotowo\u015bci<\/p>\n","protected":false},"author":1,"featured_media":0,"parent":0,"menu_order":0,"comment_status":"closed","ping_status":"closed","template":"","meta":{"_mi_skip_tracking":false},"aioseo_notices":[],"_links":{"self":[{"href":"http:\/\/www.piwznin.pl\/index.php?rest_route=\/wp\/v2\/pages\/754"}],"collection":[{"href":"http:\/\/www.piwznin.pl\/index.php?rest_route=\/wp\/v2\/pages"}],"about":[{"href":"http:\/\/www.piwznin.pl\/index.php?rest_route=\/wp\/v2\/types\/page"}],"author":[{"embeddable":true,"href":"http:\/\/www.piwznin.pl\/index.php?rest_route=\/wp\/v2\/users\/1"}],"replies":[{"embeddable":true,"href":"http:\/\/www.piwznin.pl\/index.php?rest_route=%2Fwp%2Fv2%2Fcomments&post=754"}],"version-history":[{"count":6,"href":"http:\/\/www.piwznin.pl\/index.php?rest_route=\/wp\/v2\/pages\/754\/revisions"}],"predecessor-version":[{"id":830,"href":"http:\/\/www.piwznin.pl\/index.php?rest_route=\/wp\/v2\/pages\/754\/revisions\/830"}],"wp:attachment":[{"href":"http:\/\/www.piwznin.pl\/index.php?rest_route=%2Fwp%2Fv2%2Fmedia&parent=754"}],"curies":[{"name":"wp","href":"https:\/\/api.w.org\/{rel}","templated":true}]}}