{"id":768,"date":"2024-11-15T11:42:11","date_gmt":"2024-11-15T11:42:11","guid":{"rendered":"http:\/\/www.piwznin.pl\/?page_id=768"},"modified":"2024-11-15T11:42:11","modified_gmt":"2024-11-15T11:42:11","slug":"badania-probek-dzikow-i-swin-na-uzytek-wlasny","status":"publish","type":"page","link":"http:\/\/www.piwznin.pl\/?page_id=768","title":{"rendered":"Badania pr\u00f3bek dzik\u00f3w i \u015bwi\u0144 na u\u017cytek w\u0142asny"},"content":{"rendered":"<div class=\"entry\">\n\n\n<p>W zwi\u0105zku z mo\u017cliwo\u015bci\u0105 badania pr\u00f3bek dzik\u00f3w i \u015bwi\u0144 na u\u017cytek w\u0142asny w Terenowych Pracowniach Diagnostyki W\u0142o\u015bni na terenie powiatu \u017cni\u0144skiego Powiatowy Lekarz Weterynarii uprzejmie informuje o konieczno\u015bci dostarczenia wraz z pr\u00f3bami wype\u0142nionego zlecenia na badanie.<\/p>\n\n\n\n<ul>\n<li><a href=\"http:\/\/www.piwznin.pl\/wp-content\/uploads\/2024\/11\/doc07125220241114105943.pdf\" target=\"_blank\" rel=\"noopener\" title=\"\">za\u0142\u0105cznik 1 &#8211; wymagane dok.<\/a><\/li>\n<\/ul>\n\n\n<\/div>","protected":false},"excerpt":{"rendered":"<p>W zwi\u0105zku z mo\u017cliwo\u015bci\u0105 badania pr\u00f3bek dzik\u00f3w i \u015bwi\u0144 na u\u017cytek w\u0142asny w Terenowych Pracowniach Diagnostyki W\u0142o\u015bni na terenie powiatu \u017cni\u0144skiego Powiatowy Lekarz Weterynarii uprzejmie informuje o konieczno\u015bci dostarczenia wraz z pr\u00f3bami wype\u0142nionego zlecenia na badanie.<\/p>\n","protected":false},"author":1,"featured_media":0,"parent":0,"menu_order":0,"comment_status":"closed","ping_status":"closed","template":"","meta":{"_mi_skip_tracking":false},"aioseo_notices":[],"_links":{"self":[{"href":"http:\/\/www.piwznin.pl\/index.php?rest_route=\/wp\/v2\/pages\/768"}],"collection":[{"href":"http:\/\/www.piwznin.pl\/index.php?rest_route=\/wp\/v2\/pages"}],"about":[{"href":"http:\/\/www.piwznin.pl\/index.php?rest_route=\/wp\/v2\/types\/page"}],"author":[{"embeddable":true,"href":"http:\/\/www.piwznin.pl\/index.php?rest_route=\/wp\/v2\/users\/1"}],"replies":[{"embeddable":true,"href":"http:\/\/www.piwznin.pl\/index.php?rest_route=%2Fwp%2Fv2%2Fcomments&post=768"}],"version-history":[{"count":1,"href":"http:\/\/www.piwznin.pl\/index.php?rest_route=\/wp\/v2\/pages\/768\/revisions"}],"predecessor-version":[{"id":771,"href":"http:\/\/www.piwznin.pl\/index.php?rest_route=\/wp\/v2\/pages\/768\/revisions\/771"}],"wp:attachment":[{"href":"http:\/\/www.piwznin.pl\/index.php?rest_route=%2Fwp%2Fv2%2Fmedia&parent=768"}],"curies":[{"name":"wp","href":"https:\/\/api.w.org\/{rel}","templated":true}]}}