{"id":809,"date":"2025-07-10T10:14:54","date_gmt":"2025-07-10T10:14:54","guid":{"rendered":"http:\/\/www.piwznin.pl\/?page_id=809"},"modified":"2025-07-10T10:14:54","modified_gmt":"2025-07-10T10:14:54","slug":"klauzula-informacyjna","status":"publish","type":"page","link":"http:\/\/www.piwznin.pl\/?page_id=809","title":{"rendered":"KLAUZULA INFORMACYJNA"},"content":{"rendered":"<div class=\"entry\">\n\n\n<p><strong>KLAUZULA INFORMACYJNA DLA OS\u00d3B KOMUNIKUJ\u0104CYCH SI\u0118 POCZT\u0104 ELEKTRONICZN\u0104 (E-MAIL)<\/strong><\/p>\n\n\n\n<p>Zgodnie z art.13 ust. 1 i 2 Rozporz\u0105dzenia Parlamentu Europejskiego i Rady (UE) 2016\/679 z dnia 27 kwietnia 2016r. w sprawie ochrony os\u00f3b fizycznych w zwi\u0105zku z przetwarzaniem danych osobowych i w sprawie swobodnego przep\u0142ywu takich danych oraz uchylenia dyrektywy 95\/46\/WE (og\u00f3lne rozporz\u0105dzenie o ochronie danych), zwanego dalej RODO, informujemy o zasadach przetwarzania Pani\/Pana danych osobowych oraz o przys\u0142uguj\u0105cych Pani\/Panu prawach z tym zwi\u0105zanych.<\/p>\n\n\n\n<p>1. Administratorem Pani\/Pana danych osobowych jest Powiatowy Inspektorat Weterynarii w \u017bninie ul. Nowa 4 , 88-400 \u017bnin tel. 52&nbsp;303 20 06, zwany dalej Administratorem. Administrator prowadzi operacje przetwarzania Pani\/Pana danych osobowych.<\/p>\n\n\n\n<p>2. Dane kontaktowe Inspektora Ochrony Danych Osobowych: : e-mail: <a href=\"mailto:tomaszpowala@wp.pl\">tomaszpowala@wp.pl<\/a> tel. 503-585-225<\/p>\n\n\n\n<p>3.Pani\/Pana dane osobowe przetwarzane s\u0105 w celu wymiany informacji drog\u0105 elektroniczn\u0105 w zwi\u0105zku ze sk\u0142adanymi przez Pani\u0105\/Pana wnioskami, pismami o r\u00f3\u017cnej tre\u015bci i podaniami maj\u0105cymi form\u0119 wiadomo\u015bci elektronicznej (tj. e- mail) na podstawie art. 6 ust. 1 lit. c RODO tj. realizacji obowi\u0105zk\u00f3w prawnych i statutowych ci\u0105\u017c\u0105cych na administratorze.<\/p>\n\n\n\n<p>4.Pani\/Pana dane osobowe b\u0119d\u0105 przekazywane i udost\u0119pniane wy\u0142\u0105cznie podmiotom uprawnionym na podstawie obowi\u0105zuj\u0105cych przepis\u00f3w prawa, a tak\u017ce podmiotom, kt\u00f3re na podstawie stosowych um\u00f3w podpisanych przez Powiatowy Inspektorat Weterynarii w \u017bninie ul. Nowa 4 , 88-400 \u017bnin, przetwarzaj\u0105 dane osobowe, dla kt\u00f3rych Administratorem jest Powiatowy Inspektorat Weterynarii w \u017bninie ul. Nowa 4 , 88-400 \u017bnin<\/p>\n\n\n\n<p>5.Pani\/Pana dane osobowe zawarte w korespondencji e-mail b\u0119d\u0105 przetwarzane przez okres niezb\u0119dny do realizacji celu, a nast\u0119pnie b\u0119d\u0105 archiwizowane na serwerach Administratora przez okres zgodnie z przepisami prawa.<\/p>\n\n\n\n<p>6.Ka\u017cda osoba przesy\u0142aj\u0105ca drog\u0105 elektroniczn\u0105 wiadomo\u015b\u0107 zawieraj\u0105c\u0105 jej dane osobowe ma prawo dost\u0119pu do tre\u015bci swoich danych, prawo ich sprostowania, prawo ograniczenia przetwarzania, prawo sprzeciwu wobec przetwarzanych danych. Prawo do usuni\u0119cia, swoich danych przys\u0142uguje Pa\u0144stwu w sytuacji, gdy wcze\u015bniej wyra\u017cona zgoda na przetwarzanie danych zostanie przez Pani\/Pana cofni\u0119ta, a przepisy ustawy szczeg\u00f3lnej zezwalaj\u0105 na ich trwa\u0142e usuni\u0119cie.<\/p>\n\n\n\n<p>7.Je\u017celi przetwarzanie danych odbywa si\u0119 na podstawie zgody \u2013 posiada Pani\/Pan prawo do cofni\u0119cia zgody w dowolnym momencie bez wp\u0142ywu na zgodno\u015b\u0107 z prawem przetwarzania, kt\u00f3rego dokonano na podstawie zgody przed jej cofni\u0119ciem.<\/p>\n\n\n\n<p>8.Ka\u017cda osoba ma prawo wniesienia skargi do organu nadzorczego tj. Prezesa Urz\u0119du Ochrony Danych Osobowych (na adres Urz\u0119du Ochrony Danych Osobowych, ul. Stawki 2, 00-193 Warszawa), je\u017celi uzna, \u017ce przetwarzanie jej danych osobowych odbywa si\u0119 z naruszeniem obowi\u0105zuj\u0105cych przepis\u00f3w.<\/p>\n\n\n\n<p>9.Podanie danych osobowych przez Pani\u0105\/Pana jest obligatoryjne w oparciu o przepisy prawa, w pozosta\u0142ym zakresie jest dobrowolne i mo\u017ce zosta\u0107 wykorzystane wy\u0142\u0105cznie do otrzymania odpowiedzi drog\u0105 elektroniczn\u0105 (e-mail).<\/p>\n\n\n\n<p>10.Pani\/Pana dane nie b\u0119d\u0105 przetwarzane w spos\u00f3b powoduj\u0105cy zautomatyzowane podejmowanie decyzji, w tym r\u00f3wnie\u017c w formie profilowania.<\/p>\n\n\n\n<p>11.Pani\/Pana dane osobowe nie b\u0119d\u0105 przekazane do pa\u0144stwa trzeciego lub organizacji mi\u0119dzynarodowej.<\/p>\n\n\n<\/div>","protected":false},"excerpt":{"rendered":"<p>KLAUZULA INFORMACYJNA DLA OS\u00d3B KOMUNIKUJ\u0104CYCH SI\u0118 POCZT\u0104 ELEKTRONICZN\u0104 (E-MAIL) Zgodnie z art.13 ust. 1 i 2 Rozporz\u0105dzenia Parlamentu Europejskiego i Rady (UE) 2016\/679 z dnia 27 kwietnia 2016r. w sprawie ochrony os\u00f3b fizycznych w zwi\u0105zku z przetwarzaniem danych osobowych i w sprawie swobodnego przep\u0142ywu takich danych oraz uchylenia dyrektywy 95\/46\/WE (og\u00f3lne rozporz\u0105dzenie o ochronie danych), &#8230;<\/p>\n","protected":false},"author":1,"featured_media":0,"parent":0,"menu_order":0,"comment_status":"closed","ping_status":"closed","template":"","meta":{"_mi_skip_tracking":false},"aioseo_notices":[],"_links":{"self":[{"href":"http:\/\/www.piwznin.pl\/index.php?rest_route=\/wp\/v2\/pages\/809"}],"collection":[{"href":"http:\/\/www.piwznin.pl\/index.php?rest_route=\/wp\/v2\/pages"}],"about":[{"href":"http:\/\/www.piwznin.pl\/index.php?rest_route=\/wp\/v2\/types\/page"}],"author":[{"embeddable":true,"href":"http:\/\/www.piwznin.pl\/index.php?rest_route=\/wp\/v2\/users\/1"}],"replies":[{"embeddable":true,"href":"http:\/\/www.piwznin.pl\/index.php?rest_route=%2Fwp%2Fv2%2Fcomments&post=809"}],"version-history":[{"count":1,"href":"http:\/\/www.piwznin.pl\/index.php?rest_route=\/wp\/v2\/pages\/809\/revisions"}],"predecessor-version":[{"id":811,"href":"http:\/\/www.piwznin.pl\/index.php?rest_route=\/wp\/v2\/pages\/809\/revisions\/811"}],"wp:attachment":[{"href":"http:\/\/www.piwznin.pl\/index.php?rest_route=%2Fwp%2Fv2%2Fmedia&parent=809"}],"curies":[{"name":"wp","href":"https:\/\/api.w.org\/{rel}","templated":true}]}}