{"id":829,"date":"2025-11-24T07:41:03","date_gmt":"2025-11-24T07:41:03","guid":{"rendered":"http:\/\/www.piwznin.pl\/?page_id=829"},"modified":"2025-11-24T07:49:30","modified_gmt":"2025-11-24T07:49:30","slug":"oferty-pracy-rok-2025-2","status":"publish","type":"page","link":"http:\/\/www.piwznin.pl\/?page_id=829","title":{"rendered":"Oferty Pracy &#8211; Rok 2026"},"content":{"rendered":"<div class=\"entry\">\n\n\n<h2 class=\"wp-block-heading has-text-align-center\"><strong>Aktualne oferty pracy<\/strong><\/h2>\n\n\n\n<p><\/p>\n\n\n\n<p>Powiatowy Inspektorat Weterynarii w \u017bninie og\u0142asza nab\u00f3r na stanowisko<\/p>\n\n\n\n<p>Lekarza weterynarii z wyznaczenia oraz os\u00f3b do czynno\u015bci pomocniczych.<\/p>\n\n\n\n<p><\/p>\n\n\n\n<p><a href=\"http:\/\/www.piwznin.pl\/wp-content\/uploads\/2025\/11\/ogloszenie-o-naborze-lekarzy-weterynarii-z-wyznaczenia-oraz-osob-do-czynnosci-pomocniczych-na-rok-2026.pdf\" target=\"_blank\" rel=\"noopener\" title=\"\">Og\u0142oszenie<\/a> <\/p>\n\n\n\n<p><a href=\"http:\/\/www.piwznin.pl\/wp-content\/uploads\/2025\/11\/OSWIADCZENIE-ZLECENIOBIORCY.docx\" target=\"_blank\" rel=\"noopener\" title=\"\">Za\u0142\u0105cznik nr 1 &#8211; O\u015bwiadczenie zleceniobiorcy<\/a><\/p>\n\n\n\n<p><a href=\"http:\/\/www.piwznin.pl\/wp-content\/uploads\/2025\/11\/Zal.-nr-2-zgloszenie-wstepnej-gotowosci.docx\" target=\"_blank\" rel=\"noopener\" title=\"\">Za\u0142\u0105cznik nr 2 &#8211; Zg\u0142oszenie wst\u0119pnej gotowo\u015bci<\/a><\/p>\n\n\n<\/div>","protected":false},"excerpt":{"rendered":"<p>Aktualne oferty pracy Powiatowy Inspektorat Weterynarii w \u017bninie og\u0142asza nab\u00f3r na stanowisko Lekarza weterynarii z wyznaczenia oraz os\u00f3b do czynno\u015bci pomocniczych. Og\u0142oszenie Za\u0142\u0105cznik nr 1 &#8211; O\u015bwiadczenie zleceniobiorcy Za\u0142\u0105cznik nr 2 &#8211; Zg\u0142oszenie wst\u0119pnej gotowo\u015bci<\/p>\n","protected":false},"author":1,"featured_media":0,"parent":0,"menu_order":0,"comment_status":"closed","ping_status":"closed","template":"","meta":{"_mi_skip_tracking":false},"aioseo_notices":[],"_links":{"self":[{"href":"http:\/\/www.piwznin.pl\/index.php?rest_route=\/wp\/v2\/pages\/829"}],"collection":[{"href":"http:\/\/www.piwznin.pl\/index.php?rest_route=\/wp\/v2\/pages"}],"about":[{"href":"http:\/\/www.piwznin.pl\/index.php?rest_route=\/wp\/v2\/types\/page"}],"author":[{"embeddable":true,"href":"http:\/\/www.piwznin.pl\/index.php?rest_route=\/wp\/v2\/users\/1"}],"replies":[{"embeddable":true,"href":"http:\/\/www.piwznin.pl\/index.php?rest_route=%2Fwp%2Fv2%2Fcomments&post=829"}],"version-history":[{"count":4,"href":"http:\/\/www.piwznin.pl\/index.php?rest_route=\/wp\/v2\/pages\/829\/revisions"}],"predecessor-version":[{"id":837,"href":"http:\/\/www.piwznin.pl\/index.php?rest_route=\/wp\/v2\/pages\/829\/revisions\/837"}],"wp:attachment":[{"href":"http:\/\/www.piwznin.pl\/index.php?rest_route=%2Fwp%2Fv2%2Fmedia&parent=829"}],"curies":[{"name":"wp","href":"https:\/\/api.w.org\/{rel}","templated":true}]}}