{"id":873,"date":"2026-02-10T12:16:55","date_gmt":"2026-02-10T12:16:55","guid":{"rendered":"http:\/\/www.piwznin.pl\/?page_id=873"},"modified":"2026-02-10T12:17:52","modified_gmt":"2026-02-10T12:17:52","slug":"wirus-hpai-nowe-informacje","status":"publish","type":"page","link":"http:\/\/www.piwznin.pl\/?page_id=873","title":{"rendered":"Wirus HPAI &#8211; nowe informacje"},"content":{"rendered":"<div class=\"entry\">\n\n\n<p>Poni\u017cej przedstawiamy mapy zagro\u017ce\u0144 i ognisko wyst\u0119powania. <\/p>\n\n\n\n<p>Prosimy o zapoznanie si\u0119 z materia\u0142ami.<\/p>\n\n\n\n<p><\/p>\n\n\n\n<p><strong><a href=\"http:\/\/www.piwznin.pl\/wp-content\/uploads\/2026\/02\/Mapa-HPAI-Znin.pdf\" target=\"_blank\" rel=\"noopener\" title=\"\">Mapa HPAI \u017bnin<\/a><\/strong><\/p>\n\n\n\n<p><strong><a href=\"http:\/\/www.piwznin.pl\/wp-content\/uploads\/2026\/02\/Obszar-zagrozony.pdf\" target=\"_blank\" rel=\"noopener\" title=\"\">Obszar zagro\u017cony<\/a><\/strong><\/p>\n\n\n\n<p><strong><a href=\"http:\/\/www.piwznin.pl\/wp-content\/uploads\/2026\/02\/Obszar-zapowietrzony-HPAI.pdf\" target=\"_blank\" rel=\"noopener\" title=\"\">Obszar zapowietrzony HPAI<\/a><\/strong><\/p>\n\n\n<\/div>","protected":false},"excerpt":{"rendered":"<p>Poni\u017cej przedstawiamy mapy zagro\u017ce\u0144 i ognisko wyst\u0119powania. Prosimy o zapoznanie si\u0119 z materia\u0142ami. Mapa HPAI \u017bnin Obszar zagro\u017cony Obszar zapowietrzony HPAI<\/p>\n","protected":false},"author":1,"featured_media":0,"parent":0,"menu_order":0,"comment_status":"closed","ping_status":"closed","template":"","meta":{"_mi_skip_tracking":false},"aioseo_notices":[],"_links":{"self":[{"href":"http:\/\/www.piwznin.pl\/index.php?rest_route=\/wp\/v2\/pages\/873"}],"collection":[{"href":"http:\/\/www.piwznin.pl\/index.php?rest_route=\/wp\/v2\/pages"}],"about":[{"href":"http:\/\/www.piwznin.pl\/index.php?rest_route=\/wp\/v2\/types\/page"}],"author":[{"embeddable":true,"href":"http:\/\/www.piwznin.pl\/index.php?rest_route=\/wp\/v2\/users\/1"}],"replies":[{"embeddable":true,"href":"http:\/\/www.piwznin.pl\/index.php?rest_route=%2Fwp%2Fv2%2Fcomments&post=873"}],"version-history":[{"count":2,"href":"http:\/\/www.piwznin.pl\/index.php?rest_route=\/wp\/v2\/pages\/873\/revisions"}],"predecessor-version":[{"id":878,"href":"http:\/\/www.piwznin.pl\/index.php?rest_route=\/wp\/v2\/pages\/873\/revisions\/878"}],"wp:attachment":[{"href":"http:\/\/www.piwznin.pl\/index.php?rest_route=%2Fwp%2Fv2%2Fmedia&parent=873"}],"curies":[{"name":"wp","href":"https:\/\/api.w.org\/{rel}","templated":true}]}}