{"id":880,"date":"2026-02-23T07:43:25","date_gmt":"2026-02-23T07:43:25","guid":{"rendered":"http:\/\/www.piwznin.pl\/?page_id=880"},"modified":"2026-02-23T07:51:40","modified_gmt":"2026-02-23T07:51:40","slug":"zgloszenie-drobiu-pilne","status":"publish","type":"page","link":"http:\/\/www.piwznin.pl\/?page_id=880","title":{"rendered":"Zg\u0142oszenie drobiu pilne"},"content":{"rendered":"<div class=\"entry\">\n\n\n<h3 class=\"wp-block-heading\"><strong>HODOWCO DROBIU &nbsp;POWIATU \u017bNI\u0143SKIEGO<\/strong><\/h3>\n\n\n\n<p><strong>PILNE ZG\u0141OSZENIE\u00a0 DO<\/strong> <strong>\u00a0<a>POWIATOWEGO LEKARZA WETRERYNARII<\/a><\/strong>  <strong>\u00a0w\u00a0 \u017bNINIE<\/strong><\/p>\n\n\n\n<p><strong><em>&nbsp;<\/em><\/strong><strong>MIEJSC, W KT\u00d3RYCH UTRZYMYWANY JEST DR\u00d3B LUB INNE PTAKI &nbsp;&nbsp;&nbsp;&nbsp;&nbsp;&nbsp;&nbsp;&nbsp;&nbsp;&nbsp;&nbsp;&nbsp;&nbsp;&nbsp;&nbsp;&nbsp;&nbsp;&nbsp;&nbsp;&nbsp;&nbsp;&nbsp;&nbsp;&nbsp;&nbsp;&nbsp;&nbsp;&nbsp;&nbsp;&nbsp;&nbsp;&nbsp;&nbsp;&nbsp;&nbsp;&nbsp;&nbsp;&nbsp;&nbsp;&nbsp;&nbsp;&nbsp;&nbsp;&nbsp;&nbsp;&nbsp;&nbsp;&nbsp;&nbsp;&nbsp;&nbsp;&nbsp;&nbsp;&nbsp;&nbsp;&nbsp;&nbsp;&nbsp;&nbsp;&nbsp;&nbsp;&nbsp;&nbsp;&nbsp;&nbsp;&nbsp;&nbsp;&nbsp;&nbsp;&nbsp;&nbsp;&nbsp;&nbsp;&nbsp;&nbsp;&nbsp;&nbsp;&nbsp;&nbsp;&nbsp;&nbsp;&nbsp;&nbsp;&nbsp;&nbsp;&nbsp;&nbsp;&nbsp;&nbsp;&nbsp;&nbsp;&nbsp;&nbsp;&nbsp;&nbsp;&nbsp;&nbsp;&nbsp;&nbsp;&nbsp;&nbsp;&nbsp;&nbsp;&nbsp;&nbsp;&nbsp;&nbsp;&nbsp;&nbsp;&nbsp;&nbsp;&nbsp;&nbsp;&nbsp;&nbsp;&nbsp;&nbsp;&nbsp;&nbsp;&nbsp;&nbsp;&nbsp;&nbsp;&nbsp;&nbsp;&nbsp;&nbsp;&nbsp;&nbsp;&nbsp;&nbsp;&nbsp;&nbsp;&nbsp;&nbsp;<\/strong><\/p>\n\n\n\n<p><strong>Powiatowy Lekarz Weterynarii w \u017bninie przypomina, \u017ce zgodnie z \u00a7 1 ust.1 pkt.2 lit. b rozporz\u0105dzenia Ministra Rolnictwa i Rozwoju Wsi z dnia 31 marca 2022roku\u00a0 w sprawie zarz\u0105dzenia \u015brodk\u00f3w zwi\u0105zanych z wyst\u0105pieniem wysoce zjadliwej grypy ( Dz.U. z 2022 poz.768 ) posiadacz drobiu ma obowi\u0105zek\u00a0 ZG\u0141ASZANIA\u00a0 do :<\/strong><\/p>\n\n\n\n<p><strong>Powiatowego Lekarza Weterynarii w \u017bninie miejsc , w kt\u00f3rym utrzymywany jest dr\u00f3b lub inne ptaki.<\/strong><\/p>\n\n\n\n<p><strong>Dotyczy hodowc\u00f3w utrzymuj\u0105cy dr\u00f3b na w\u0142asne potrzeby ( jaja lub &nbsp;mi\u0119so drobiowe na w\u0142asne potrzeby ) pochodz\u0105ce od w\u0142asnego drobiu&nbsp; i utrzymuj\u0105 dr\u00f3b w ilo\u015bci do: &nbsp;&nbsp;<\/strong><\/p>\n\n\n\n<ol type=\"a\">\n<li><strong>349 ptak\u00f3w z gatunku&nbsp; kura utrzymywanych jako kury nioski ;<\/strong><\/li>\n\n\n\n<li><strong>499 ptak\u00f3w&nbsp; z gatunku kura&nbsp; utrzymywanych jako&nbsp; brojlery kurze ;<\/strong><\/li>\n\n\n\n<li><strong>&nbsp;99 ptak\u00f3w z gatunku&nbsp; kaczka;<\/strong><\/li>\n\n\n\n<li><strong>99 &nbsp;ptak\u00f3w z gatunku g\u0119si ;<\/strong><\/li>\n\n\n\n<li><strong>99 &nbsp;ptak\u00f3w z gatunku indyk;<\/strong><\/li>\n\n\n\n<li><strong>99 &nbsp;perlic;<\/strong><\/li>\n\n\n\n<li><strong>349 przepi\u00f3rek&nbsp; japo\u0144skich<\/strong><strong>;<\/strong><\/li>\n<\/ol>\n\n\n\n<p><strong>Jest to&nbsp; dr\u00f3b przyzagrodowy i zwolniony z obowi\u0105zku rejestracji w Agencji Restrukturyzacji i Modernizacji Rolnictwa.<\/strong><strong><\/strong><\/p>\n\n\n\n<p><strong>Zg\u0142oszenie:<\/strong><\/p>\n\n\n\n<ol type=\"1\" start=\"1\">\n<li>Osobi\u015bcie w siedzibie Powiatowego Inspektoratu Weterynarii w \u017bninie ul. Nowa 4, 88 400 \u017bnin<\/li>\n\n\n\n<li>Email: <a href=\"mailto:sekretariat@piwznin.pl\">sekretariat@piwznin.pl<\/a><\/li>\n\n\n\n<li>E dor\u0119czenie<\/li>\n\n\n\n<li>Poczta adres: Powiatowy Inspektorat Weterynarii w \u017bninie &nbsp;ul.&nbsp; Nowa 4, 88 400 \u017bnin<\/li>\n\n\n\n<li>Telefonicznie &nbsp;<strong>&nbsp;668&nbsp;025&nbsp;510<\/strong> , <strong>451&nbsp;547 221, &nbsp;664&nbsp;951&nbsp;590, &nbsp;694&nbsp;457&nbsp;863 <\/strong>&nbsp;czynny&nbsp; od poniedzia\u0142ku do pi\u0105tku&nbsp; w &nbsp;godz. 8:00 \u2013 15:00 &nbsp;&nbsp;<\/li>\n<\/ol>\n\n\n\n<p><a href=\"http:\/\/www.piwznin.pl\/wp-content\/uploads\/2026\/02\/Plik-do-pobrania-Zgloszenie-drobiu-do-PLW-Znin.doc\" target=\"_blank\" rel=\"noopener\" title=\"\">Do pobrania<\/a><\/p>\n\n\n\n<p><a href=\"http:\/\/www.piwznin.pl\/wp-content\/uploads\/2026\/02\/Rozporzadzenie-MR-i-RW-31.03.2022-poz-768-HPAI.pdf\" target=\"_blank\" rel=\"noopener\" title=\"\">Rozporz\u0105dzenie<\/a><\/p>\n\n\n\n<p><a href=\"http:\/\/www.piwznin.pl\/wp-content\/uploads\/2026\/02\/Zgloszenie-zakladow-drobiu-do-PLW-Znin-obowiazkowe.doc\" target=\"_blank\" rel=\"noopener\" title=\"\">Zg\u0142oszenie zak\u0142ad\u00f3w &#8211; dzia\u0142alno\u015b\u0107 nadzorowana<\/a><\/p>\n\n\n<\/div>","protected":false},"excerpt":{"rendered":"<p>HODOWCO DROBIU &nbsp;POWIATU \u017bNI\u0143SKIEGO PILNE ZG\u0141OSZENIE\u00a0 DO \u00a0POWIATOWEGO LEKARZA WETRERYNARII \u00a0w\u00a0 \u017bNINIE &nbsp;MIEJSC, W KT\u00d3RYCH UTRZYMYWANY JEST DR\u00d3B LUB INNE PTAKI &nbsp;&nbsp;&nbsp;&nbsp;&nbsp;&nbsp;&nbsp;&nbsp;&nbsp;&nbsp;&nbsp;&nbsp;&nbsp;&nbsp;&nbsp;&nbsp;&nbsp;&nbsp;&nbsp;&nbsp;&nbsp;&nbsp;&nbsp;&nbsp;&nbsp;&nbsp;&nbsp;&nbsp;&nbsp;&nbsp;&nbsp;&nbsp;&nbsp;&nbsp;&nbsp;&nbsp;&nbsp;&nbsp;&nbsp;&nbsp;&nbsp;&nbsp;&nbsp;&nbsp;&nbsp;&nbsp;&nbsp;&nbsp;&nbsp;&nbsp;&nbsp;&nbsp;&nbsp;&nbsp;&nbsp;&nbsp;&nbsp;&nbsp;&nbsp;&nbsp;&nbsp;&nbsp;&nbsp;&nbsp;&nbsp;&nbsp;&nbsp;&nbsp;&nbsp;&nbsp;&nbsp;&nbsp;&nbsp;&nbsp;&nbsp;&nbsp;&nbsp;&nbsp;&nbsp;&nbsp;&nbsp;&nbsp;&nbsp;&nbsp;&nbsp;&nbsp;&nbsp;&nbsp;&nbsp;&nbsp;&nbsp;&nbsp;&nbsp;&nbsp;&nbsp;&nbsp;&nbsp;&nbsp;&nbsp;&nbsp;&nbsp;&nbsp;&nbsp;&nbsp;&nbsp;&nbsp;&nbsp;&nbsp;&nbsp;&nbsp;&nbsp;&nbsp;&nbsp;&nbsp;&nbsp;&nbsp;&nbsp;&nbsp;&nbsp;&nbsp;&nbsp;&nbsp;&nbsp;&nbsp;&nbsp;&nbsp;&nbsp;&nbsp;&nbsp;&nbsp;&nbsp;&nbsp;&nbsp;&nbsp;&nbsp; Powiatowy Lekarz Weterynarii w \u017bninie przypomina, \u017ce zgodnie z \u00a7 1 ust.1 pkt.2 lit. b rozporz\u0105dzenia Ministra Rolnictwa i Rozwoju Wsi z dnia 31 marca 2022roku\u00a0 w sprawie zarz\u0105dzenia \u015brodk\u00f3w zwi\u0105zanych z wyst\u0105pieniem &#8230;<\/p>\n","protected":false},"author":1,"featured_media":0,"parent":0,"menu_order":0,"comment_status":"closed","ping_status":"closed","template":"","meta":{"_mi_skip_tracking":false},"aioseo_notices":[],"_links":{"self":[{"href":"http:\/\/www.piwznin.pl\/index.php?rest_route=\/wp\/v2\/pages\/880"}],"collection":[{"href":"http:\/\/www.piwznin.pl\/index.php?rest_route=\/wp\/v2\/pages"}],"about":[{"href":"http:\/\/www.piwznin.pl\/index.php?rest_route=\/wp\/v2\/types\/page"}],"author":[{"embeddable":true,"href":"http:\/\/www.piwznin.pl\/index.php?rest_route=\/wp\/v2\/users\/1"}],"replies":[{"embeddable":true,"href":"http:\/\/www.piwznin.pl\/index.php?rest_route=%2Fwp%2Fv2%2Fcomments&post=880"}],"version-history":[{"count":4,"href":"http:\/\/www.piwznin.pl\/index.php?rest_route=\/wp\/v2\/pages\/880\/revisions"}],"predecessor-version":[{"id":891,"href":"http:\/\/www.piwznin.pl\/index.php?rest_route=\/wp\/v2\/pages\/880\/revisions\/891"}],"wp:attachment":[{"href":"http:\/\/www.piwznin.pl\/index.php?rest_route=%2Fwp%2Fv2%2Fmedia&parent=880"}],"curies":[{"name":"wp","href":"https:\/\/api.w.org\/{rel}","templated":true}]}}