{"id":928,"date":"2026-04-22T07:31:31","date_gmt":"2026-04-22T07:31:31","guid":{"rendered":"http:\/\/www.piwznin.pl\/?page_id=928"},"modified":"2026-04-29T10:07:01","modified_gmt":"2026-04-29T10:07:01","slug":"pilna-informacja-dla-hodowcow","status":"publish","type":"page","link":"http:\/\/www.piwznin.pl\/?page_id=928","title":{"rendered":"Pilna informacja dla hodowc\u00f3w"},"content":{"rendered":"<div class=\"entry\">\n\n\n<p><\/p>\n\n\n\n<p><a href=\"http:\/\/www.piwznin.pl\/wp-content\/uploads\/2026\/04\/Nowy-wniosek-o-zgloszenie-rejestracji-i-zatwierdzenie-podmiotu.docx\" target=\"_blank\" rel=\"noopener\" title=\"\">Pilne &#8211; Nowy wniosek o zg\u0142oszenie, rejestracj\u0119 i zatwierdzenie podmiotu<\/a> <\/p>\n\n\n\n<p><a href=\"http:\/\/www.piwznin.pl\/wp-content\/uploads\/2026\/04\/Rejestracja_-aktualizacja_zakladu_utrzymujacego_zwierzeta-gospodarskie.pdf\" target=\"_blank\" rel=\"noopener\" title=\"\">Rejestracja \/ aktualizacja zak\u0142adu utrzymuj\u0105cego zwierz\u0119ta gospodarskie<\/a><\/p>\n\n\n\n<p><a href=\"http:\/\/www.piwznin.pl\/wp-content\/uploads\/2026\/04\/Rejestracajaktualizacja_zakladu_w_ktorych_utrzymywane_sa_zwierzeta_ladowe_psy_kotyfretki.docx\" target=\"_blank\" rel=\"noopener\" title=\"\">ZG\u0141OSZENIE: REJESTRACYJNE\/AKTUALIZACJA podmiot\u00f3w prowadz\u0105cych zak\u0142ady, w kt\u00f3rych utrzymywane s\u0105 zwierz\u0119ta l\u0105dowe(psy, koty, fretki)<\/a><\/p>\n\n\n<\/div>","protected":false},"excerpt":{"rendered":"<p>Pilne &#8211; Nowy wniosek o zg\u0142oszenie, rejestracj\u0119 i zatwierdzenie podmiotu Rejestracja \/ aktualizacja zak\u0142adu utrzymuj\u0105cego zwierz\u0119ta gospodarskie ZG\u0141OSZENIE: REJESTRACYJNE\/AKTUALIZACJA podmiot\u00f3w prowadz\u0105cych zak\u0142ady, w kt\u00f3rych utrzymywane s\u0105 zwierz\u0119ta l\u0105dowe(psy, koty, fretki)<\/p>\n","protected":false},"author":1,"featured_media":0,"parent":0,"menu_order":0,"comment_status":"closed","ping_status":"closed","template":"","meta":{"_mi_skip_tracking":false},"aioseo_notices":[],"_links":{"self":[{"href":"http:\/\/www.piwznin.pl\/index.php?rest_route=\/wp\/v2\/pages\/928"}],"collection":[{"href":"http:\/\/www.piwznin.pl\/index.php?rest_route=\/wp\/v2\/pages"}],"about":[{"href":"http:\/\/www.piwznin.pl\/index.php?rest_route=\/wp\/v2\/types\/page"}],"author":[{"embeddable":true,"href":"http:\/\/www.piwznin.pl\/index.php?rest_route=\/wp\/v2\/users\/1"}],"replies":[{"embeddable":true,"href":"http:\/\/www.piwznin.pl\/index.php?rest_route=%2Fwp%2Fv2%2Fcomments&post=928"}],"version-history":[{"count":4,"href":"http:\/\/www.piwznin.pl\/index.php?rest_route=\/wp\/v2\/pages\/928\/revisions"}],"predecessor-version":[{"id":939,"href":"http:\/\/www.piwznin.pl\/index.php?rest_route=\/wp\/v2\/pages\/928\/revisions\/939"}],"wp:attachment":[{"href":"http:\/\/www.piwznin.pl\/index.php?rest_route=%2Fwp%2Fv2%2Fmedia&parent=928"}],"curies":[{"name":"wp","href":"https:\/\/api.w.org\/{rel}","templated":true}]}}